{"id":43,"date":"2024-04-12T01:14:49","date_gmt":"2024-04-11T23:14:49","guid":{"rendered":"https:\/\/gelatiamo.calabria.dev\/?page_id=43"},"modified":"2024-05-07T16:41:20","modified_gmt":"2024-05-07T14:41:20","slug":"snacks-gelatiamo","status":"publish","type":"page","link":"https:\/\/www.gelatiamo.eu\/es\/snacks-gelatiamo\/","title":{"rendered":"Snacks"},"content":{"rendered":"\t\t<div data-elementor-type=\"wp-page\" data-elementor-id=\"43\" class=\"elementor elementor-43\" data-elementor-post-type=\"page\">\n\t\t\t\t<div class=\"elementor-element elementor-element-6f11e325 e-con-full e-flex e-con e-parent\" data-id=\"6f11e325\" data-element_type=\"container\" data-settings=\"{&quot;background_background&quot;:&quot;classic&quot;}\">\n\t\t<div class=\"elementor-element elementor-element-4c47253d e-con-full e-flex e-con e-child\" data-id=\"4c47253d\" data-element_type=\"container\">\n\t\t\t\t<div class=\"elementor-element elementor-element-2c51352e elementor-widget__width-inherit elementor-invisible elementor-widget elementor-widget-heading\" data-id=\"2c51352e\" data-element_type=\"widget\" data-settings=\"{&quot;_animation&quot;:&quot;fadeIn&quot;,&quot;_animation_mobile&quot;:&quot;fadeIn&quot;}\" data-widget_type=\"heading.default\">\n\t\t\t\t<div class=\"elementor-widget-container\">\n\t\t\t\t\t<h1 class=\"elementor-heading-title elementor-size-default\">Snacks<\/h1>\t\t\t\t<\/div>\n\t\t\t\t<\/div>\n\t\t\t\t<div class=\"elementor-element elementor-element-14c4b244 elementor-widget__width-inherit elementor-invisible elementor-widget elementor-widget-heading\" data-id=\"14c4b244\" data-element_type=\"widget\" data-settings=\"{&quot;_animation&quot;:&quot;fadeIn&quot;,&quot;_animation_mobile&quot;:&quot;fadeIn&quot;}\" data-widget_type=\"heading.default\">\n\t\t\t\t<div class=\"elementor-widget-container\">\n\t\t\t\t\t<p class=\"elementor-heading-title elementor-size-default\">Practica el Arte de Saborear la Vida.<\/p>\t\t\t\t<\/div>\n\t\t\t\t<\/div>\n\t\t\t\t<\/div>\n\t\t\t\t<\/div>\n\t\t<div class=\"elementor-element elementor-element-2d8e61c6 e-con-full e-flex e-con e-parent\" data-id=\"2d8e61c6\" data-element_type=\"container\" data-settings=\"{&quot;background_background&quot;:&quot;classic&quot;}\">\n\t\t<div class=\"elementor-element elementor-element-dca9f8a e-con-full e-flex e-con e-child\" data-id=\"dca9f8a\" data-element_type=\"container\">\n\t\t\t\t<div class=\"elementor-element elementor-element-718b8c24 elementor-widget elementor-widget-text-editor\" data-id=\"718b8c24\" data-element_type=\"widget\" data-settings=\"{&quot;_animation_tablet&quot;:&quot;fadeIn&quot;}\" data-widget_type=\"text-editor.default\">\n\t\t\t\t<div class=\"elementor-widget-container\">\n\t\t\t\t\t\t\t\t\t<div class=\"row justify-content\"><div class=\"col-lg-8\"><p>En Gelatiamo somos una cafeter\u00eda y tienda de helados donde ofrecemos productos que recuerdan a Italia. Somos unos apasionados del helado, siempre hecho con ingredientes genuinos y de calidad para que dejen un producto cremoso, sabroso y fresco. Pero en Gelatiamo no solo ofrecemos el aut\u00e9ntico helado italiano, contamos tambi\u00e9n con snacks para cualquier hora del d\u00eda, crepes, gofres, caf\u00e9, zumos, batidos y smoothies.<\/p><p>Nuestra carta se caracteriza por snacks variados y de calidad, crepes fin\u00edsimas, gofres esponjosos, caf\u00e9s arom\u00e1ticos, smoothies saludables y refrescantes, frapp\u00e9s tentadores y batidos de helado con nata. Nuestro objetivo es emocionarte con la comida y bebida que ofrecemos y, para ello, solo contamos con los mejores ingredientes del mercado y con una producci\u00f3n diaria sin masas congeladas ni nada artificial.<\/p><\/div><\/div><div class=\"row justify-content\"><div class=\"col-lg-12 col-md-12 col-sm-12 col-xs-12\"><br \/><p>La buena comida se cocina cada d\u00eda y en Gelatiamo, gracias a nuestro propio m\u00e9todo de trabajo, tenemos la oportunidad de ofrecer snacks dulces y salados con los que quedar\u00e1s completamente satisfecho. Recetas para disfrutar en cualquier momento del d\u00eda y \u00e9poca del a\u00f1o. Esta es una de las cosas por las que nuestra cafeter\u00eda y tienda de helados, snacks, gofres, crepes y bebidas funciona tan bien. Da igual que sea invierno, primavera, verano u oto\u00f1o, siempre tendr\u00e1s algo que te apetecer\u00e1 comer o beber.<\/p><\/div><\/div>\t\t\t\t\t\t\t\t<\/div>\n\t\t\t\t<\/div>\n\t\t\t\t<\/div>\n\t\t\t\t<div class=\"elementor-element elementor-element-49b01756 elementor-widget__width-initial elementor-widget elementor-widget-image\" data-id=\"49b01756\" data-element_type=\"widget\" data-settings=\"{&quot;motion_fx_motion_fx_scrolling&quot;:&quot;yes&quot;,&quot;motion_fx_rotateZ_effect&quot;:&quot;yes&quot;,&quot;motion_fx_rotateZ_speed&quot;:{&quot;unit&quot;:&quot;px&quot;,&quot;size&quot;:0.2,&quot;sizes&quot;:[]},&quot;motion_fx_rotateZ_affectedRange&quot;:{&quot;unit&quot;:&quot;%&quot;,&quot;size&quot;:&quot;&quot;,&quot;sizes&quot;:{&quot;start&quot;:0,&quot;end&quot;:100}},&quot;motion_fx_devices&quot;:[&quot;desktop&quot;,&quot;tablet&quot;,&quot;mobile&quot;]}\" data-widget_type=\"image.default\">\n\t\t\t\t<div class=\"elementor-widget-container\">\n\t\t\t\t\t\t\t\t\t\t\t\t\t\t\t<img fetchpriority=\"high\" decoding=\"async\" width=\"800\" height=\"800\" src=\"https:\/\/www.gelatiamo.eu\/wp-content\/uploads\/snacks-gelatiamo.png\" class=\"attachment-large size-large wp-image-482\" alt=\"snacks-gelatiamo\" srcset=\"https:\/\/www.gelatiamo.eu\/wp-content\/uploads\/snacks-gelatiamo.png 800w, https:\/\/www.gelatiamo.eu\/wp-content\/uploads\/snacks-gelatiamo-300x300.png 300w, https:\/\/www.gelatiamo.eu\/wp-content\/uploads\/snacks-gelatiamo-150x150.png 150w, https:\/\/www.gelatiamo.eu\/wp-content\/uploads\/snacks-gelatiamo-768x768.png 768w\" sizes=\"(max-width: 800px) 100vw, 800px\" \/>\t\t\t\t\t\t\t\t\t\t\t\t\t\t\t<\/div>\n\t\t\t\t<\/div>\n\t\t\t\t<\/div>\n\t\t<div class=\"elementor-element elementor-element-451bf31b e-con-full e-flex e-con e-parent\" data-id=\"451bf31b\" data-element_type=\"container\" data-settings=\"{&quot;background_background&quot;:&quot;classic&quot;}\">\n\t\t\t\t<div class=\"elementor-element elementor-element-6c769717 elementor-widget__width-initial elementor-widget elementor-widget-image\" data-id=\"6c769717\" data-element_type=\"widget\" data-widget_type=\"image.default\">\n\t\t\t\t<div class=\"elementor-widget-container\">\n\t\t\t\t\t\t\t\t\t\t\t\t\t\t\t<img decoding=\"async\" width=\"800\" height=\"800\" src=\"https:\/\/www.gelatiamo.eu\/wp-content\/uploads\/snacks.png\" class=\"attachment-large size-large wp-image-548\" alt=\"pizza\" srcset=\"https:\/\/www.gelatiamo.eu\/wp-content\/uploads\/snacks.png 800w, https:\/\/www.gelatiamo.eu\/wp-content\/uploads\/snacks-300x300.png 300w, https:\/\/www.gelatiamo.eu\/wp-content\/uploads\/snacks-150x150.png 150w, https:\/\/www.gelatiamo.eu\/wp-content\/uploads\/snacks-768x768.png 768w\" sizes=\"(max-width: 800px) 100vw, 800px\" \/>\t\t\t\t\t\t\t\t\t\t\t\t\t\t\t<\/div>\n\t\t\t\t<\/div>\n\t\t\t\t<div class=\"elementor-element elementor-element-2f269849 elementor-widget__width-initial elementor-widget-mobile__width-inherit elementor-widget elementor-widget-text-editor\" data-id=\"2f269849\" data-element_type=\"widget\" data-settings=\"{&quot;_animation_tablet&quot;:&quot;fadeIn&quot;}\" data-widget_type=\"text-editor.default\">\n\t\t\t\t<div class=\"elementor-widget-container\">\n\t\t\t\t\t\t\t\t\t<h3 class=\"theme-color\">\u00bfC\u00f3mo son los snacks que ofrecemos en Gelatiamo?<\/h3><p>Los snacks de Gelatiamo se cocinan con ingredientes de calidad y naturales para aportar sabrosidad, frescura y ligereza. Solo adquirimos ingredientes en las tierras y tiendas que llevan una producci\u00f3n controlada y cuidada. En ning\u00fan momento utilizamos masas congeladas para la elaboraci\u00f3n de crepes ni gofres, ya que entendemos que se pierde la frescura y parte de los beneficios de la comida. Al estar hechos al momento, podemos asegurar que los crepes quedan fin\u00edsimos y deliciosos y los gofres esponjosos y calentitos, perfectos para comer al momento.<\/p><p>Las pizzas de Gelatiamo cuentan con ingredientes naturales y una masa elaborada a base de cari\u00f1o y esfuerzo. De un sabor exquisito que recuerda a la pizza italiana, podr\u00e1s disfrutar de una amplia variedad de opciones. Las focaccias son crujientes y sanas, y tambi\u00e9n tienes la opci\u00f3n de elegir entre nuestra variedad.<\/p>\t\t\t\t\t\t\t\t<\/div>\n\t\t\t\t<\/div>\n\t\t\t\t<\/div>\n\t\t<div class=\"elementor-element elementor-element-6edf2663 e-con-full e-flex e-con e-parent\" data-id=\"6edf2663\" data-element_type=\"container\" data-settings=\"{&quot;background_background&quot;:&quot;classic&quot;}\">\n\t\t\t\t<div class=\"elementor-element elementor-element-194e3b92 elementor-widget elementor-widget-text-editor\" data-id=\"194e3b92\" data-element_type=\"widget\" data-settings=\"{&quot;_animation_tablet&quot;:&quot;fadeIn&quot;}\" data-widget_type=\"text-editor.default\">\n\t\t\t\t<div class=\"elementor-widget-container\">\n\t\t\t\t\t\t\t\t\t<h3 class=\"theme-color text-center\">Carta de snacks de Gelatiamo<\/h3><p class=\"text-center\"><strong>Descubre la carta de Gelatiamo<\/strong>, contamos con una amplia variedad de productos donde elegir. \u00a1Seguro que alguno se convierte en tu favorito!<\/p><p>\u00a0<\/p><p>Los <strong>crepes gourmet de Gelatiamo<\/strong>, una receta propia a base de ingredientes naturales. Masa hecha al momento para que quede ligera y esponjosa pudiendo disfrutarla al momento. Se puede elegir entre masa blanca, masa integral o masa vegetal<\/p><p>Las <strong>focaccias de Gelatiamo<\/strong> est\u00e1n hechas con el pan t\u00edpico del norte de Italia, caracterizado por ser crujiente y sano.\u00a0Las <strong>pizzas de Gelatiamo<\/strong> est\u00e1n hechas con una base de fina masa napolitana artesana con tomate, Mozarella, or\u00e9gano y los ingredientes que elijas. La pizza la creas t\u00fa con el n\u00famero de ingredientes que desees.<br \/>Las <strong>tostadas de Gelatiamo<\/strong> son en pan blanco o con semillas.<\/p><p>Los <strong>bocadillos de Gelatiamo<\/strong> est\u00e1n hechos con pan crujiente y rellenos de embutido, at\u00fan o pollo.<\/p>\t\t\t\t\t\t\t\t<\/div>\n\t\t\t\t<\/div>\n\t\t\t\t<\/div>\n\t\t\t\t<\/div>\n\t\t","protected":false},"excerpt":{"rendered":"<p>Practica el Arte de Saborear la Vida. En Gelatiamo somos una cafeter\u00eda y tienda de helados donde ofrecemos productos que recuerdan a Italia. Somos unos apasionados del helado, siempre hecho con ingredientes genuinos y de calidad para que dejen un producto cremoso, sabroso y fresco. Pero en Gelatiamo no solo ofrecemos el aut\u00e9ntico helado italiano, [&hellip;]<\/p>\n","protected":false},"author":1,"featured_media":0,"parent":0,"menu_order":0,"comment_status":"closed","ping_status":"closed","template":"","meta":{"footnotes":""},"class_list":["post-43","page","type-page","status-publish","hentry"],"yoast_head":"<!-- This site is optimized with the Yoast SEO plugin v26.8 - https:\/\/yoast.com\/product\/yoast-seo-wordpress\/ -->\n<title>Snacks - Gelatiamo<\/title>\n<meta name=\"robots\" content=\"index, follow, max-snippet:-1, max-image-preview:large, max-video-preview:-1\" \/>\n<link rel=\"canonical\" href=\"https:\/\/www.gelatiamo.eu\/es\/snacks-gelatiamo\/\" \/>\n<meta property=\"og:locale\" content=\"es_ES\" \/>\n<meta property=\"og:type\" content=\"article\" \/>\n<meta property=\"og:title\" content=\"Snacks - Gelatiamo\" \/>\n<meta property=\"og:description\" content=\"Practica el Arte de Saborear la Vida. En Gelatiamo somos una cafeter\u00eda y tienda de helados donde ofrecemos productos que recuerdan a Italia. Somos unos apasionados del helado, siempre hecho con ingredientes genuinos y de calidad para que dejen un producto cremoso, sabroso y fresco. Pero en Gelatiamo no solo ofrecemos el aut\u00e9ntico helado italiano, [&hellip;]\" \/>\n<meta property=\"og:url\" content=\"https:\/\/www.gelatiamo.eu\/es\/snacks-gelatiamo\/\" \/>\n<meta property=\"og:site_name\" content=\"Gelatiamo\" \/>\n<meta property=\"article:publisher\" content=\"https:\/\/www.facebook.com\/GelatsGelatiamo\" \/>\n<meta property=\"article:modified_time\" content=\"2024-05-07T14:41:20+00:00\" \/>\n<meta property=\"og:image\" content=\"https:\/\/www.gelatiamo.eu\/wp-content\/uploads\/snacks-gelatiamo.png\" \/>\n<meta name=\"twitter:card\" content=\"summary_large_image\" \/>\n<meta name=\"twitter:label1\" content=\"Tiempo de lectura\" \/>\n\t<meta name=\"twitter:data1\" content=\"3 minutos\" \/>\n<script type=\"application\/ld+json\" class=\"yoast-schema-graph\">{\"@context\":\"https:\/\/schema.org\",\"@graph\":[{\"@type\":\"WebPage\",\"@id\":\"https:\/\/www.gelatiamo.eu\/es\/snacks-gelatiamo\/\",\"url\":\"https:\/\/www.gelatiamo.eu\/es\/snacks-gelatiamo\/\",\"name\":\"Snacks - Gelatiamo\",\"isPartOf\":{\"@id\":\"https:\/\/www.gelatiamo.eu\/es\/#website\"},\"primaryImageOfPage\":{\"@id\":\"https:\/\/www.gelatiamo.eu\/es\/snacks-gelatiamo\/#primaryimage\"},\"image\":{\"@id\":\"https:\/\/www.gelatiamo.eu\/es\/snacks-gelatiamo\/#primaryimage\"},\"thumbnailUrl\":\"https:\/\/www.gelatiamo.eu\/wp-content\/uploads\/snacks-gelatiamo.png\",\"datePublished\":\"2024-04-11T23:14:49+00:00\",\"dateModified\":\"2024-05-07T14:41:20+00:00\",\"breadcrumb\":{\"@id\":\"https:\/\/www.gelatiamo.eu\/es\/snacks-gelatiamo\/#breadcrumb\"},\"inLanguage\":\"es\",\"potentialAction\":[{\"@type\":\"ReadAction\",\"target\":[\"https:\/\/www.gelatiamo.eu\/es\/snacks-gelatiamo\/\"]}]},{\"@type\":\"ImageObject\",\"inLanguage\":\"es\",\"@id\":\"https:\/\/www.gelatiamo.eu\/es\/snacks-gelatiamo\/#primaryimage\",\"url\":\"https:\/\/www.gelatiamo.eu\/wp-content\/uploads\/snacks-gelatiamo.png\",\"contentUrl\":\"https:\/\/www.gelatiamo.eu\/wp-content\/uploads\/snacks-gelatiamo.png\"},{\"@type\":\"BreadcrumbList\",\"@id\":\"https:\/\/www.gelatiamo.eu\/es\/snacks-gelatiamo\/#breadcrumb\",\"itemListElement\":[{\"@type\":\"ListItem\",\"position\":1,\"name\":\"Portada\",\"item\":\"https:\/\/www.gelatiamo.eu\/es\/\"},{\"@type\":\"ListItem\",\"position\":2,\"name\":\"Snacks\"}]},{\"@type\":\"WebSite\",\"@id\":\"https:\/\/www.gelatiamo.eu\/es\/#website\",\"url\":\"https:\/\/www.gelatiamo.eu\/es\/\",\"name\":\"Gelatiamo\",\"description\":\"Disfruta del Arte de Saborear la Vida.\",\"publisher\":{\"@id\":\"https:\/\/www.gelatiamo.eu\/es\/#organization\"},\"potentialAction\":[{\"@type\":\"SearchAction\",\"target\":{\"@type\":\"EntryPoint\",\"urlTemplate\":\"https:\/\/www.gelatiamo.eu\/es\/?s={search_term_string}\"},\"query-input\":{\"@type\":\"PropertyValueSpecification\",\"valueRequired\":true,\"valueName\":\"search_term_string\"}}],\"inLanguage\":\"es\"},{\"@type\":\"Organization\",\"@id\":\"https:\/\/www.gelatiamo.eu\/es\/#organization\",\"name\":\"Gelatiamo\",\"url\":\"https:\/\/www.gelatiamo.eu\/es\/\",\"logo\":{\"@type\":\"ImageObject\",\"inLanguage\":\"es\",\"@id\":\"https:\/\/www.gelatiamo.eu\/es\/#\/schema\/logo\/image\/\",\"url\":\"https:\/\/www.gelatiamo.eu\/wp-content\/uploads\/2024\/04\/FAVICONGELATIAMO.svg\",\"contentUrl\":\"https:\/\/www.gelatiamo.eu\/wp-content\/uploads\/2024\/04\/FAVICONGELATIAMO.svg\",\"width\":18,\"height\":32,\"caption\":\"Gelatiamo\"},\"image\":{\"@id\":\"https:\/\/www.gelatiamo.eu\/es\/#\/schema\/logo\/image\/\"},\"sameAs\":[\"https:\/\/www.facebook.com\/GelatsGelatiamo\",\"https:\/\/www.instagram.com\/gelatiamo_world\/\"]}]}<\/script>\n<!-- \/ Yoast SEO plugin. -->","yoast_head_json":{"title":"Snacks - Gelatiamo","robots":{"index":"index","follow":"follow","max-snippet":"max-snippet:-1","max-image-preview":"max-image-preview:large","max-video-preview":"max-video-preview:-1"},"canonical":"https:\/\/www.gelatiamo.eu\/es\/snacks-gelatiamo\/","og_locale":"es_ES","og_type":"article","og_title":"Snacks - Gelatiamo","og_description":"Practica el Arte de Saborear la Vida. En Gelatiamo somos una cafeter\u00eda y tienda de helados donde ofrecemos productos que recuerdan a Italia. Somos unos apasionados del helado, siempre hecho con ingredientes genuinos y de calidad para que dejen un producto cremoso, sabroso y fresco. Pero en Gelatiamo no solo ofrecemos el aut\u00e9ntico helado italiano, [&hellip;]","og_url":"https:\/\/www.gelatiamo.eu\/es\/snacks-gelatiamo\/","og_site_name":"Gelatiamo","article_publisher":"https:\/\/www.facebook.com\/GelatsGelatiamo","article_modified_time":"2024-05-07T14:41:20+00:00","og_image":[{"url":"https:\/\/www.gelatiamo.eu\/wp-content\/uploads\/snacks-gelatiamo.png","type":"","width":"","height":""}],"twitter_card":"summary_large_image","twitter_misc":{"Tiempo de lectura":"3 minutos"},"schema":{"@context":"https:\/\/schema.org","@graph":[{"@type":"WebPage","@id":"https:\/\/www.gelatiamo.eu\/es\/snacks-gelatiamo\/","url":"https:\/\/www.gelatiamo.eu\/es\/snacks-gelatiamo\/","name":"Snacks - Gelatiamo","isPartOf":{"@id":"https:\/\/www.gelatiamo.eu\/es\/#website"},"primaryImageOfPage":{"@id":"https:\/\/www.gelatiamo.eu\/es\/snacks-gelatiamo\/#primaryimage"},"image":{"@id":"https:\/\/www.gelatiamo.eu\/es\/snacks-gelatiamo\/#primaryimage"},"thumbnailUrl":"https:\/\/www.gelatiamo.eu\/wp-content\/uploads\/snacks-gelatiamo.png","datePublished":"2024-04-11T23:14:49+00:00","dateModified":"2024-05-07T14:41:20+00:00","breadcrumb":{"@id":"https:\/\/www.gelatiamo.eu\/es\/snacks-gelatiamo\/#breadcrumb"},"inLanguage":"es","potentialAction":[{"@type":"ReadAction","target":["https:\/\/www.gelatiamo.eu\/es\/snacks-gelatiamo\/"]}]},{"@type":"ImageObject","inLanguage":"es","@id":"https:\/\/www.gelatiamo.eu\/es\/snacks-gelatiamo\/#primaryimage","url":"https:\/\/www.gelatiamo.eu\/wp-content\/uploads\/snacks-gelatiamo.png","contentUrl":"https:\/\/www.gelatiamo.eu\/wp-content\/uploads\/snacks-gelatiamo.png"},{"@type":"BreadcrumbList","@id":"https:\/\/www.gelatiamo.eu\/es\/snacks-gelatiamo\/#breadcrumb","itemListElement":[{"@type":"ListItem","position":1,"name":"Portada","item":"https:\/\/www.gelatiamo.eu\/es\/"},{"@type":"ListItem","position":2,"name":"Snacks"}]},{"@type":"WebSite","@id":"https:\/\/www.gelatiamo.eu\/es\/#website","url":"https:\/\/www.gelatiamo.eu\/es\/","name":"Gelatiamo","description":"Disfruta del Arte de Saborear la Vida.","publisher":{"@id":"https:\/\/www.gelatiamo.eu\/es\/#organization"},"potentialAction":[{"@type":"SearchAction","target":{"@type":"EntryPoint","urlTemplate":"https:\/\/www.gelatiamo.eu\/es\/?s={search_term_string}"},"query-input":{"@type":"PropertyValueSpecification","valueRequired":true,"valueName":"search_term_string"}}],"inLanguage":"es"},{"@type":"Organization","@id":"https:\/\/www.gelatiamo.eu\/es\/#organization","name":"Gelatiamo","url":"https:\/\/www.gelatiamo.eu\/es\/","logo":{"@type":"ImageObject","inLanguage":"es","@id":"https:\/\/www.gelatiamo.eu\/es\/#\/schema\/logo\/image\/","url":"https:\/\/www.gelatiamo.eu\/wp-content\/uploads\/2024\/04\/FAVICONGELATIAMO.svg","contentUrl":"https:\/\/www.gelatiamo.eu\/wp-content\/uploads\/2024\/04\/FAVICONGELATIAMO.svg","width":18,"height":32,"caption":"Gelatiamo"},"image":{"@id":"https:\/\/www.gelatiamo.eu\/es\/#\/schema\/logo\/image\/"},"sameAs":["https:\/\/www.facebook.com\/GelatsGelatiamo","https:\/\/www.instagram.com\/gelatiamo_world\/"]}]}},"_links":{"self":[{"href":"https:\/\/www.gelatiamo.eu\/es\/wp-json\/wp\/v2\/pages\/43","targetHints":{"allow":["GET"]}}],"collection":[{"href":"https:\/\/www.gelatiamo.eu\/es\/wp-json\/wp\/v2\/pages"}],"about":[{"href":"https:\/\/www.gelatiamo.eu\/es\/wp-json\/wp\/v2\/types\/page"}],"author":[{"embeddable":true,"href":"https:\/\/www.gelatiamo.eu\/es\/wp-json\/wp\/v2\/users\/1"}],"replies":[{"embeddable":true,"href":"https:\/\/www.gelatiamo.eu\/es\/wp-json\/wp\/v2\/comments?post=43"}],"version-history":[{"count":16,"href":"https:\/\/www.gelatiamo.eu\/es\/wp-json\/wp\/v2\/pages\/43\/revisions"}],"predecessor-version":[{"id":669,"href":"https:\/\/www.gelatiamo.eu\/es\/wp-json\/wp\/v2\/pages\/43\/revisions\/669"}],"wp:attachment":[{"href":"https:\/\/www.gelatiamo.eu\/es\/wp-json\/wp\/v2\/media?parent=43"}],"curies":[{"name":"wp","href":"https:\/\/api.w.org\/{rel}","templated":true}]}}