{"id":37,"date":"2024-04-12T01:13:30","date_gmt":"2024-04-11T23:13:30","guid":{"rendered":"https:\/\/gelatiamo.calabria.dev\/?page_id=37"},"modified":"2024-05-23T13:51:16","modified_gmt":"2024-05-23T11:51:16","slug":"crepes-y-gofres-gelatiamo","status":"publish","type":"page","link":"https:\/\/www.gelatiamo.eu\/es\/crepes-y-gofres-gelatiamo\/","title":{"rendered":"Crepes y Gofres"},"content":{"rendered":"\t\t<div data-elementor-type=\"wp-page\" data-elementor-id=\"37\" class=\"elementor elementor-37\" data-elementor-post-type=\"page\">\n\t\t\t\t<div class=\"elementor-element elementor-element-28c1ba6c e-con-full e-flex e-con e-parent\" data-id=\"28c1ba6c\" data-element_type=\"container\" data-settings=\"{&quot;background_background&quot;:&quot;classic&quot;}\">\n\t\t<div class=\"elementor-element elementor-element-1524b1fa e-con-full e-flex e-con e-child\" data-id=\"1524b1fa\" data-element_type=\"container\">\n\t\t\t\t<div class=\"elementor-element elementor-element-70da9023 elementor-widget__width-inherit elementor-invisible elementor-widget elementor-widget-heading\" data-id=\"70da9023\" data-element_type=\"widget\" data-settings=\"{&quot;_animation&quot;:&quot;fadeIn&quot;,&quot;_animation_mobile&quot;:&quot;fadeIn&quot;}\" data-widget_type=\"heading.default\">\n\t\t\t\t<div class=\"elementor-widget-container\">\n\t\t\t\t\t<h1 class=\"elementor-heading-title elementor-size-default\">Crepes y Gofres<\/h1>\t\t\t\t<\/div>\n\t\t\t\t<\/div>\n\t\t\t\t<div class=\"elementor-element elementor-element-523e65ce elementor-widget__width-inherit elementor-invisible elementor-widget elementor-widget-heading\" data-id=\"523e65ce\" data-element_type=\"widget\" data-settings=\"{&quot;_animation&quot;:&quot;fadeIn&quot;,&quot;_animation_mobile&quot;:&quot;fadeIn&quot;}\" data-widget_type=\"heading.default\">\n\t\t\t\t<div class=\"elementor-widget-container\">\n\t\t\t\t\t<p class=\"elementor-heading-title elementor-size-default\">Practica el Arte de Saborear la Vida.<\/p>\t\t\t\t<\/div>\n\t\t\t\t<\/div>\n\t\t\t\t<\/div>\n\t\t\t\t<\/div>\n\t\t<div class=\"elementor-element elementor-element-22f62fab e-con-full e-flex e-con e-parent\" data-id=\"22f62fab\" data-element_type=\"container\" data-settings=\"{&quot;background_background&quot;:&quot;classic&quot;}\">\n\t\t<div class=\"elementor-element elementor-element-7f0c81cb e-con-full e-flex e-con e-child\" data-id=\"7f0c81cb\" data-element_type=\"container\">\n\t\t\t\t<div class=\"elementor-element elementor-element-4b4e1d26 elementor-widget elementor-widget-text-editor\" data-id=\"4b4e1d26\" data-element_type=\"widget\" data-settings=\"{&quot;_animation_tablet&quot;:&quot;fadeIn&quot;}\" data-widget_type=\"text-editor.default\">\n\t\t\t\t<div class=\"elementor-widget-container\">\n\t\t\t\t\t\t\t\t\t<p>La tienda Gelatiamo ofrece una propuesta completa de verdaderos sabores italianos. Nuestra raz\u00f3n de ser es la pasi\u00f3n con la que contamos a la hora de elaborar los mejores crepes y gofres con ingredientes de gran calidad, frescos y diarios.<\/p><p>En <a href=\"https:\/\/www.gelatiamo.eu\/\">Gelatiamo<\/a> podr\u00e1s disfrutar de las crepes m\u00e1s fin\u00edsimas y los gofres m\u00e1s esponjosos y, si quieres, puedes acompa\u00f1ar a estos dulces de un caf\u00e9 arom\u00e1tico, un smoothie refrescante o un frappe de lo m\u00e1s tentador. Encontrar\u00e1s un placer para cada momento y podr\u00e1s saborearlo al m\u00e1ximo gracias a nuestras recetas caseras sin ingredientes congelados.<\/p>\t\t\t\t\t\t\t\t<\/div>\n\t\t\t\t<\/div>\n\t\t\t\t<\/div>\n\t\t\t\t<div class=\"elementor-element elementor-element-75e3923a elementor-widget__width-initial elementor-widget elementor-widget-image\" data-id=\"75e3923a\" data-element_type=\"widget\" data-settings=\"{&quot;motion_fx_motion_fx_scrolling&quot;:&quot;yes&quot;,&quot;motion_fx_rotateZ_effect&quot;:&quot;yes&quot;,&quot;motion_fx_rotateZ_speed&quot;:{&quot;unit&quot;:&quot;px&quot;,&quot;size&quot;:0.2,&quot;sizes&quot;:[]},&quot;motion_fx_rotateZ_affectedRange&quot;:{&quot;unit&quot;:&quot;%&quot;,&quot;size&quot;:&quot;&quot;,&quot;sizes&quot;:{&quot;start&quot;:0,&quot;end&quot;:100}},&quot;motion_fx_devices&quot;:[&quot;desktop&quot;,&quot;tablet&quot;,&quot;mobile&quot;]}\" data-widget_type=\"image.default\">\n\t\t\t\t<div class=\"elementor-widget-container\">\n\t\t\t\t\t\t\t\t\t\t\t\t\t\t\t<img fetchpriority=\"high\" decoding=\"async\" width=\"800\" height=\"800\" src=\"https:\/\/www.gelatiamo.eu\/wp-content\/uploads\/crepes-gelatiamo-1024x1024.png\" class=\"attachment-large size-large wp-image-481\" alt=\"crepes y gofres gelatiamo\" srcset=\"https:\/\/www.gelatiamo.eu\/wp-content\/uploads\/crepes-gelatiamo-1024x1024.png 1024w, https:\/\/www.gelatiamo.eu\/wp-content\/uploads\/crepes-gelatiamo-300x300.png 300w, https:\/\/www.gelatiamo.eu\/wp-content\/uploads\/crepes-gelatiamo-150x150.png 150w, https:\/\/www.gelatiamo.eu\/wp-content\/uploads\/crepes-gelatiamo-768x768.png 768w, https:\/\/www.gelatiamo.eu\/wp-content\/uploads\/crepes-gelatiamo-1536x1536.png 1536w, https:\/\/www.gelatiamo.eu\/wp-content\/uploads\/crepes-gelatiamo-2048x2048.png 2048w\" sizes=\"(max-width: 800px) 100vw, 800px\" \/>\t\t\t\t\t\t\t\t\t\t\t\t\t\t\t<\/div>\n\t\t\t\t<\/div>\n\t\t\t\t<\/div>\n\t\t<div class=\"elementor-element elementor-element-42a63350 e-flex e-con-boxed e-con e-parent\" data-id=\"42a63350\" data-element_type=\"container\" data-settings=\"{&quot;background_background&quot;:&quot;classic&quot;}\">\n\t\t\t\t\t<div class=\"e-con-inner\">\n\t\t\t\t<div class=\"elementor-element elementor-element-61aea8ab elementor-widget__width-initial elementor-widget-mobile__width-inherit elementor-widget elementor-widget-text-editor\" data-id=\"61aea8ab\" data-element_type=\"widget\" data-settings=\"{&quot;_animation_tablet&quot;:&quot;fadeIn&quot;}\" data-widget_type=\"text-editor.default\">\n\t\t\t\t<div class=\"elementor-widget-container\">\n\t\t\t\t\t\t\t\t\t<h3 class=\"theme-color\">Carta de crepes y gofres<\/h3><p>Las crepes y los gofres son alimentos bastante demandados por la gente, por lo que trabajamos para ofrecer una gran variedad de ellos con diferentes toppings. Elaboramos estos productos de la mejor manera, siendo caseros, naturales, frescos y aportando el gran sabor italiano.<\/p><p>En nuestra carta encontrar\u00e1s una amplia gama de opciones, desde las m\u00e1s dulces hasta las m\u00e1s saladas, pasando por opciones cl\u00e1sicas, sanas y golosas. Con nuestra carta nadie quedar\u00e1 insatisfecho y saldr\u00e1s de nuestra cafeter\u00eda Gelatiamo con la mejor de las sonrisas.<\/p><p>Adem\u00e1s, contamos con una variedad de caf\u00e9s, smoothies, zumos naturales y milkshakes para acompa\u00f1ar las crepes y gofres.<\/p>\t\t\t\t\t\t\t\t<\/div>\n\t\t\t\t<\/div>\n\t\t\t\t\t<\/div>\n\t\t\t\t<\/div>\n\t\t<div class=\"elementor-element elementor-element-6043a44 e-con-full e-flex e-con e-parent\" data-id=\"6043a44\" data-element_type=\"container\" data-settings=\"{&quot;background_background&quot;:&quot;classic&quot;}\">\n\t\t\t\t<div class=\"elementor-element elementor-element-26c027dd elementor-widget elementor-widget-text-editor\" data-id=\"26c027dd\" data-element_type=\"widget\" data-settings=\"{&quot;_animation_tablet&quot;:&quot;fadeIn&quot;}\" data-widget_type=\"text-editor.default\">\n\t\t\t\t<div class=\"elementor-widget-container\">\n\t\t\t\t\t\t\t\t\t<h3 class=\"theme-color\">\u00bfQu\u00e9 caracteriza a las crepes de Gelatiamo?<\/h3><p>Las <b>crepes de Gelatiamo<\/b> est\u00e1n hechas con masas naturales, producidas en la propia tienda a diario y con receta propia. Bajo ning\u00fan concepto utilizamos masas congeladas, ya que se pierde el sabor y la dulzura de la crepe.<\/p><p>Todos los ingredientes que utilizamos para la masa son naturales y de gran calidad, escogidos para ofrecer un verdadero producto italiano. Harina, huevos, mantequilla y leche son la base perfecta para unos crepes dulces o salados listos para consumir. Despu\u00e9s a\u00f1ades lo que quieras y \u00a1listas para disfrutar!<\/p><p>Con nuestro m\u00e9todo \u00fanico y profesional, hacemos masas de crepes de forma sencilla. A\u00f1adimos las cantidades correctas de harina, leche, huevos y mantequillas, una pizca de az\u00facar y extracto de vainilla para dar ese toque dulce. Una vez se haya formado una mezcla homog\u00e9nea, la dejamos reposar unos minutos antes de cocinarla en la plancha o sart\u00e9n.<\/p><p>Las crepes dulces son una opci\u00f3n perfecta para un desayuno o merienda, y las saladas para un brunch, comida o cena. En la cafeter\u00eda Gelatiamo encontrar\u00e1s una gran variedad de crepes dulces y salados reci\u00e9n hechas. Somos especialistas en ofrecer el aut\u00e9ntico sabor italiano.<\/p>\t\t\t\t\t\t\t\t<\/div>\n\t\t\t\t<\/div>\n\t\t\t\t<\/div>\n\t\t\t\t<\/div>\n\t\t","protected":false},"excerpt":{"rendered":"<p>Practica el Arte de Saborear la Vida. La tienda Gelatiamo ofrece una propuesta completa de verdaderos sabores italianos. Nuestra raz\u00f3n de ser es la pasi\u00f3n con la que contamos a la hora de elaborar los mejores crepes y gofres con ingredientes de gran calidad, frescos y diarios. En Gelatiamo podr\u00e1s disfrutar de las crepes m\u00e1s [&hellip;]<\/p>\n","protected":false},"author":1,"featured_media":481,"parent":0,"menu_order":0,"comment_status":"closed","ping_status":"closed","template":"","meta":{"footnotes":""},"class_list":["post-37","page","type-page","status-publish","has-post-thumbnail","hentry"],"yoast_head":"<!-- This site is optimized with the Yoast SEO plugin v26.8 - https:\/\/yoast.com\/product\/yoast-seo-wordpress\/ -->\n<title>Crepes y Gofres - Gelatiamo<\/title>\n<meta name=\"description\" content=\"En Gelatiamo podr\u00e1s disfrutar de las crepes m\u00e1s fin\u00edsimas y los gofres m\u00e1s esponjosos. Descubre nuestras meriendas.\" \/>\n<meta name=\"robots\" content=\"index, follow, max-snippet:-1, max-image-preview:large, max-video-preview:-1\" \/>\n<link rel=\"canonical\" href=\"https:\/\/www.gelatiamo.eu\/es\/crepes-y-gofres-gelatiamo\/\" \/>\n<meta property=\"og:locale\" content=\"es_ES\" \/>\n<meta property=\"og:type\" content=\"article\" \/>\n<meta property=\"og:title\" content=\"Crepes y Gofres - Gelatiamo\" \/>\n<meta property=\"og:description\" content=\"En Gelatiamo podr\u00e1s disfrutar de las crepes m\u00e1s fin\u00edsimas y los gofres m\u00e1s esponjosos. Descubre nuestras meriendas.\" \/>\n<meta property=\"og:url\" content=\"https:\/\/www.gelatiamo.eu\/es\/crepes-y-gofres-gelatiamo\/\" \/>\n<meta property=\"og:site_name\" content=\"Gelatiamo\" \/>\n<meta property=\"article:publisher\" content=\"https:\/\/www.facebook.com\/GelatsGelatiamo\" \/>\n<meta property=\"article:modified_time\" content=\"2024-05-23T11:51:16+00:00\" \/>\n<meta property=\"og:image\" content=\"https:\/\/www.gelatiamo.eu\/wp-content\/uploads\/crepes-gelatiamo-1024x1024.png\" \/>\n\t<meta property=\"og:image:width\" content=\"1024\" \/>\n\t<meta property=\"og:image:height\" content=\"1024\" \/>\n\t<meta property=\"og:image:type\" content=\"image\/png\" \/>\n<meta name=\"twitter:card\" content=\"summary_large_image\" \/>\n<meta name=\"twitter:label1\" content=\"Tiempo de lectura\" \/>\n\t<meta name=\"twitter:data1\" content=\"3 minutos\" \/>\n<script type=\"application\/ld+json\" class=\"yoast-schema-graph\">{\"@context\":\"https:\/\/schema.org\",\"@graph\":[{\"@type\":\"WebPage\",\"@id\":\"https:\/\/www.gelatiamo.eu\/es\/crepes-y-gofres-gelatiamo\/\",\"url\":\"https:\/\/www.gelatiamo.eu\/es\/crepes-y-gofres-gelatiamo\/\",\"name\":\"Crepes y Gofres - Gelatiamo\",\"isPartOf\":{\"@id\":\"https:\/\/www.gelatiamo.eu\/es\/#website\"},\"primaryImageOfPage\":{\"@id\":\"https:\/\/www.gelatiamo.eu\/es\/crepes-y-gofres-gelatiamo\/#primaryimage\"},\"image\":{\"@id\":\"https:\/\/www.gelatiamo.eu\/es\/crepes-y-gofres-gelatiamo\/#primaryimage\"},\"thumbnailUrl\":\"https:\/\/www.gelatiamo.eu\/wp-content\/uploads\/crepes-gelatiamo.png\",\"datePublished\":\"2024-04-11T23:13:30+00:00\",\"dateModified\":\"2024-05-23T11:51:16+00:00\",\"description\":\"En Gelatiamo podr\u00e1s disfrutar de las crepes m\u00e1s fin\u00edsimas y los gofres m\u00e1s esponjosos. Descubre nuestras meriendas.\",\"breadcrumb\":{\"@id\":\"https:\/\/www.gelatiamo.eu\/es\/crepes-y-gofres-gelatiamo\/#breadcrumb\"},\"inLanguage\":\"es\",\"potentialAction\":[{\"@type\":\"ReadAction\",\"target\":[\"https:\/\/www.gelatiamo.eu\/es\/crepes-y-gofres-gelatiamo\/\"]}]},{\"@type\":\"ImageObject\",\"inLanguage\":\"es\",\"@id\":\"https:\/\/www.gelatiamo.eu\/es\/crepes-y-gofres-gelatiamo\/#primaryimage\",\"url\":\"https:\/\/www.gelatiamo.eu\/wp-content\/uploads\/crepes-gelatiamo.png\",\"contentUrl\":\"https:\/\/www.gelatiamo.eu\/wp-content\/uploads\/crepes-gelatiamo.png\",\"width\":4640,\"height\":4640,\"caption\":\"crepes y gofres gelatiamo\"},{\"@type\":\"BreadcrumbList\",\"@id\":\"https:\/\/www.gelatiamo.eu\/es\/crepes-y-gofres-gelatiamo\/#breadcrumb\",\"itemListElement\":[{\"@type\":\"ListItem\",\"position\":1,\"name\":\"Portada\",\"item\":\"https:\/\/www.gelatiamo.eu\/es\/\"},{\"@type\":\"ListItem\",\"position\":2,\"name\":\"Crepes y Gofres\"}]},{\"@type\":\"WebSite\",\"@id\":\"https:\/\/www.gelatiamo.eu\/es\/#website\",\"url\":\"https:\/\/www.gelatiamo.eu\/es\/\",\"name\":\"Gelatiamo\",\"description\":\"Disfruta del Arte de Saborear la Vida.\",\"publisher\":{\"@id\":\"https:\/\/www.gelatiamo.eu\/es\/#organization\"},\"potentialAction\":[{\"@type\":\"SearchAction\",\"target\":{\"@type\":\"EntryPoint\",\"urlTemplate\":\"https:\/\/www.gelatiamo.eu\/es\/?s={search_term_string}\"},\"query-input\":{\"@type\":\"PropertyValueSpecification\",\"valueRequired\":true,\"valueName\":\"search_term_string\"}}],\"inLanguage\":\"es\"},{\"@type\":\"Organization\",\"@id\":\"https:\/\/www.gelatiamo.eu\/es\/#organization\",\"name\":\"Gelatiamo\",\"url\":\"https:\/\/www.gelatiamo.eu\/es\/\",\"logo\":{\"@type\":\"ImageObject\",\"inLanguage\":\"es\",\"@id\":\"https:\/\/www.gelatiamo.eu\/es\/#\/schema\/logo\/image\/\",\"url\":\"https:\/\/www.gelatiamo.eu\/wp-content\/uploads\/2024\/04\/FAVICONGELATIAMO.svg\",\"contentUrl\":\"https:\/\/www.gelatiamo.eu\/wp-content\/uploads\/2024\/04\/FAVICONGELATIAMO.svg\",\"width\":18,\"height\":32,\"caption\":\"Gelatiamo\"},\"image\":{\"@id\":\"https:\/\/www.gelatiamo.eu\/es\/#\/schema\/logo\/image\/\"},\"sameAs\":[\"https:\/\/www.facebook.com\/GelatsGelatiamo\",\"https:\/\/www.instagram.com\/gelatiamo_world\/\"]}]}<\/script>\n<!-- \/ Yoast SEO plugin. -->","yoast_head_json":{"title":"Crepes y Gofres - Gelatiamo","description":"En Gelatiamo podr\u00e1s disfrutar de las crepes m\u00e1s fin\u00edsimas y los gofres m\u00e1s esponjosos. Descubre nuestras meriendas.","robots":{"index":"index","follow":"follow","max-snippet":"max-snippet:-1","max-image-preview":"max-image-preview:large","max-video-preview":"max-video-preview:-1"},"canonical":"https:\/\/www.gelatiamo.eu\/es\/crepes-y-gofres-gelatiamo\/","og_locale":"es_ES","og_type":"article","og_title":"Crepes y Gofres - Gelatiamo","og_description":"En Gelatiamo podr\u00e1s disfrutar de las crepes m\u00e1s fin\u00edsimas y los gofres m\u00e1s esponjosos. Descubre nuestras meriendas.","og_url":"https:\/\/www.gelatiamo.eu\/es\/crepes-y-gofres-gelatiamo\/","og_site_name":"Gelatiamo","article_publisher":"https:\/\/www.facebook.com\/GelatsGelatiamo","article_modified_time":"2024-05-23T11:51:16+00:00","og_image":[{"width":1024,"height":1024,"url":"https:\/\/www.gelatiamo.eu\/wp-content\/uploads\/crepes-gelatiamo-1024x1024.png","type":"image\/png"}],"twitter_card":"summary_large_image","twitter_misc":{"Tiempo de lectura":"3 minutos"},"schema":{"@context":"https:\/\/schema.org","@graph":[{"@type":"WebPage","@id":"https:\/\/www.gelatiamo.eu\/es\/crepes-y-gofres-gelatiamo\/","url":"https:\/\/www.gelatiamo.eu\/es\/crepes-y-gofres-gelatiamo\/","name":"Crepes y Gofres - Gelatiamo","isPartOf":{"@id":"https:\/\/www.gelatiamo.eu\/es\/#website"},"primaryImageOfPage":{"@id":"https:\/\/www.gelatiamo.eu\/es\/crepes-y-gofres-gelatiamo\/#primaryimage"},"image":{"@id":"https:\/\/www.gelatiamo.eu\/es\/crepes-y-gofres-gelatiamo\/#primaryimage"},"thumbnailUrl":"https:\/\/www.gelatiamo.eu\/wp-content\/uploads\/crepes-gelatiamo.png","datePublished":"2024-04-11T23:13:30+00:00","dateModified":"2024-05-23T11:51:16+00:00","description":"En Gelatiamo podr\u00e1s disfrutar de las crepes m\u00e1s fin\u00edsimas y los gofres m\u00e1s esponjosos. Descubre nuestras meriendas.","breadcrumb":{"@id":"https:\/\/www.gelatiamo.eu\/es\/crepes-y-gofres-gelatiamo\/#breadcrumb"},"inLanguage":"es","potentialAction":[{"@type":"ReadAction","target":["https:\/\/www.gelatiamo.eu\/es\/crepes-y-gofres-gelatiamo\/"]}]},{"@type":"ImageObject","inLanguage":"es","@id":"https:\/\/www.gelatiamo.eu\/es\/crepes-y-gofres-gelatiamo\/#primaryimage","url":"https:\/\/www.gelatiamo.eu\/wp-content\/uploads\/crepes-gelatiamo.png","contentUrl":"https:\/\/www.gelatiamo.eu\/wp-content\/uploads\/crepes-gelatiamo.png","width":4640,"height":4640,"caption":"crepes y gofres gelatiamo"},{"@type":"BreadcrumbList","@id":"https:\/\/www.gelatiamo.eu\/es\/crepes-y-gofres-gelatiamo\/#breadcrumb","itemListElement":[{"@type":"ListItem","position":1,"name":"Portada","item":"https:\/\/www.gelatiamo.eu\/es\/"},{"@type":"ListItem","position":2,"name":"Crepes y Gofres"}]},{"@type":"WebSite","@id":"https:\/\/www.gelatiamo.eu\/es\/#website","url":"https:\/\/www.gelatiamo.eu\/es\/","name":"Gelatiamo","description":"Disfruta del Arte de Saborear la Vida.","publisher":{"@id":"https:\/\/www.gelatiamo.eu\/es\/#organization"},"potentialAction":[{"@type":"SearchAction","target":{"@type":"EntryPoint","urlTemplate":"https:\/\/www.gelatiamo.eu\/es\/?s={search_term_string}"},"query-input":{"@type":"PropertyValueSpecification","valueRequired":true,"valueName":"search_term_string"}}],"inLanguage":"es"},{"@type":"Organization","@id":"https:\/\/www.gelatiamo.eu\/es\/#organization","name":"Gelatiamo","url":"https:\/\/www.gelatiamo.eu\/es\/","logo":{"@type":"ImageObject","inLanguage":"es","@id":"https:\/\/www.gelatiamo.eu\/es\/#\/schema\/logo\/image\/","url":"https:\/\/www.gelatiamo.eu\/wp-content\/uploads\/2024\/04\/FAVICONGELATIAMO.svg","contentUrl":"https:\/\/www.gelatiamo.eu\/wp-content\/uploads\/2024\/04\/FAVICONGELATIAMO.svg","width":18,"height":32,"caption":"Gelatiamo"},"image":{"@id":"https:\/\/www.gelatiamo.eu\/es\/#\/schema\/logo\/image\/"},"sameAs":["https:\/\/www.facebook.com\/GelatsGelatiamo","https:\/\/www.instagram.com\/gelatiamo_world\/"]}]}},"_links":{"self":[{"href":"https:\/\/www.gelatiamo.eu\/es\/wp-json\/wp\/v2\/pages\/37","targetHints":{"allow":["GET"]}}],"collection":[{"href":"https:\/\/www.gelatiamo.eu\/es\/wp-json\/wp\/v2\/pages"}],"about":[{"href":"https:\/\/www.gelatiamo.eu\/es\/wp-json\/wp\/v2\/types\/page"}],"author":[{"embeddable":true,"href":"https:\/\/www.gelatiamo.eu\/es\/wp-json\/wp\/v2\/users\/1"}],"replies":[{"embeddable":true,"href":"https:\/\/www.gelatiamo.eu\/es\/wp-json\/wp\/v2\/comments?post=37"}],"version-history":[{"count":19,"href":"https:\/\/www.gelatiamo.eu\/es\/wp-json\/wp\/v2\/pages\/37\/revisions"}],"predecessor-version":[{"id":663,"href":"https:\/\/www.gelatiamo.eu\/es\/wp-json\/wp\/v2\/pages\/37\/revisions\/663"}],"wp:featuredmedia":[{"embeddable":true,"href":"https:\/\/www.gelatiamo.eu\/es\/wp-json\/wp\/v2\/media\/481"}],"wp:attachment":[{"href":"https:\/\/www.gelatiamo.eu\/es\/wp-json\/wp\/v2\/media?parent=37"}],"curies":[{"name":"wp","href":"https:\/\/api.w.org\/{rel}","templated":true}]}}