{"id":35,"date":"2024-04-12T01:13:06","date_gmt":"2024-04-11T23:13:06","guid":{"rendered":"https:\/\/gelatiamo.calabria.dev\/?page_id=35"},"modified":"2024-05-23T13:45:53","modified_gmt":"2024-05-23T11:45:53","slug":"helados-gelatiamo","status":"publish","type":"page","link":"https:\/\/www.gelatiamo.eu\/es\/helados-gelatiamo\/","title":{"rendered":"Helados"},"content":{"rendered":"\t\t<div data-elementor-type=\"wp-page\" data-elementor-id=\"35\" class=\"elementor elementor-35\" data-elementor-post-type=\"page\">\n\t\t\t\t<div class=\"elementor-element elementor-element-cfb6f30 e-con-full e-flex e-con e-parent\" data-id=\"cfb6f30\" data-element_type=\"container\" data-settings=\"{&quot;background_background&quot;:&quot;classic&quot;}\">\n\t\t<div class=\"elementor-element elementor-element-5faa14e e-con-full e-flex e-con e-child\" data-id=\"5faa14e\" data-element_type=\"container\">\n\t\t\t\t<div class=\"elementor-element elementor-element-0e80945 elementor-widget__width-inherit elementor-invisible elementor-widget elementor-widget-heading\" data-id=\"0e80945\" data-element_type=\"widget\" data-settings=\"{&quot;_animation&quot;:&quot;fadeIn&quot;,&quot;_animation_mobile&quot;:&quot;fadeIn&quot;}\" data-widget_type=\"heading.default\">\n\t\t\t\t<div class=\"elementor-widget-container\">\n\t\t\t\t\t<h1 class=\"elementor-heading-title elementor-size-default\">Helados<\/h1>\t\t\t\t<\/div>\n\t\t\t\t<\/div>\n\t\t\t\t<div class=\"elementor-element elementor-element-1b1917c elementor-widget__width-inherit elementor-invisible elementor-widget elementor-widget-heading\" data-id=\"1b1917c\" data-element_type=\"widget\" data-settings=\"{&quot;_animation&quot;:&quot;fadeIn&quot;,&quot;_animation_mobile&quot;:&quot;fadeIn&quot;}\" data-widget_type=\"heading.default\">\n\t\t\t\t<div class=\"elementor-widget-container\">\n\t\t\t\t\t<p class=\"elementor-heading-title elementor-size-default\">Practica el Arte de Saborear la Vida.<\/p>\t\t\t\t<\/div>\n\t\t\t\t<\/div>\n\t\t\t\t<\/div>\n\t\t\t\t<\/div>\n\t\t<div class=\"elementor-element elementor-element-aaacea0 e-con-full e-flex e-con e-parent\" data-id=\"aaacea0\" data-element_type=\"container\" data-settings=\"{&quot;background_background&quot;:&quot;classic&quot;}\">\n\t\t<div class=\"elementor-element elementor-element-54f202a e-con-full e-flex e-con e-child\" data-id=\"54f202a\" data-element_type=\"container\">\n\t\t\t\t<div class=\"elementor-element elementor-element-ad20259 elementor-widget elementor-widget-heading\" data-id=\"ad20259\" data-element_type=\"widget\" data-settings=\"{&quot;_animation_tablet&quot;:&quot;fadeIn&quot;}\" data-widget_type=\"heading.default\">\n\t\t\t\t<div class=\"elementor-widget-container\">\n\t\t\t\t\t<h2 class=\"elementor-heading-title elementor-size-default\">El Mejor Helado del Mundo<\/h2>\t\t\t\t<\/div>\n\t\t\t\t<\/div>\n\t\t\t\t<div class=\"elementor-element elementor-element-a6f7078 elementor-widget elementor-widget-text-editor\" data-id=\"a6f7078\" data-element_type=\"widget\" data-settings=\"{&quot;_animation_tablet&quot;:&quot;fadeIn&quot;}\" data-widget_type=\"text-editor.default\">\n\t\t\t\t<div class=\"elementor-widget-container\">\n\t\t\t\t\t\t\t\t\t<p>Gelatiamo hizo que el helado se convirtiera en un ritual diario. Estamos comprometidos con los ingredientes naturales aut\u00e9nticos y un enfoque artesanal de la producci\u00f3n.<\/p><p>Gelatiamo es el pionero del aut\u00e9ntico helado italiano de alta calidad. Nuestros ingredientes provienen exclusivamente de Italia y nuestras recetas reflejan las verdaderas tradiciones heladeras italianas.<\/p>\t\t\t\t\t\t\t\t<\/div>\n\t\t\t\t<\/div>\n\t\t\t\t<\/div>\n\t\t\t\t<div class=\"elementor-element elementor-element-f37ab1f elementor-widget__width-initial elementor-widget elementor-widget-image\" data-id=\"f37ab1f\" data-element_type=\"widget\" data-settings=\"{&quot;motion_fx_motion_fx_scrolling&quot;:&quot;yes&quot;,&quot;motion_fx_rotateZ_effect&quot;:&quot;yes&quot;,&quot;motion_fx_rotateZ_speed&quot;:{&quot;unit&quot;:&quot;px&quot;,&quot;size&quot;:0.2,&quot;sizes&quot;:[]},&quot;motion_fx_rotateZ_affectedRange&quot;:{&quot;unit&quot;:&quot;%&quot;,&quot;size&quot;:&quot;&quot;,&quot;sizes&quot;:{&quot;start&quot;:0,&quot;end&quot;:100}},&quot;motion_fx_devices&quot;:[&quot;desktop&quot;,&quot;tablet&quot;,&quot;mobile&quot;]}\" data-widget_type=\"image.default\">\n\t\t\t\t<div class=\"elementor-widget-container\">\n\t\t\t\t\t\t\t\t\t\t\t\t\t\t\t<img fetchpriority=\"high\" decoding=\"async\" width=\"800\" height=\"800\" src=\"https:\/\/www.gelatiamo.eu\/wp-content\/uploads\/gelato-gelatiamo.png\" class=\"attachment-large size-large wp-image-479\" alt=\"Helado Artesanal Gelatiamo\" srcset=\"https:\/\/www.gelatiamo.eu\/wp-content\/uploads\/gelato-gelatiamo.png 800w, https:\/\/www.gelatiamo.eu\/wp-content\/uploads\/gelato-gelatiamo-300x300.png 300w, https:\/\/www.gelatiamo.eu\/wp-content\/uploads\/gelato-gelatiamo-150x150.png 150w, https:\/\/www.gelatiamo.eu\/wp-content\/uploads\/gelato-gelatiamo-768x768.png 768w\" sizes=\"(max-width: 800px) 100vw, 800px\" \/>\t\t\t\t\t\t\t\t\t\t\t\t\t\t\t<\/div>\n\t\t\t\t<\/div>\n\t\t\t\t<\/div>\n\t\t<div class=\"elementor-element elementor-element-27ca6b2 e-con-full e-flex e-con e-parent\" data-id=\"27ca6b2\" data-element_type=\"container\" data-settings=\"{&quot;background_background&quot;:&quot;classic&quot;}\">\n\t\t\t\t<div class=\"elementor-element elementor-element-5cb415d elementor-widget__width-initial elementor-widget elementor-widget-image\" data-id=\"5cb415d\" data-element_type=\"widget\" data-widget_type=\"image.default\">\n\t\t\t\t<div class=\"elementor-widget-container\">\n\t\t\t\t\t\t\t\t\t\t\t\t\t\t\t<img decoding=\"async\" width=\"800\" height=\"800\" src=\"https:\/\/www.gelatiamo.eu\/wp-content\/uploads\/helado-artesanal-gelatiamo-1024x1024.png\" class=\"attachment-large size-large wp-image-503\" alt=\"helado artesanal heladeria gelatiamo\" srcset=\"https:\/\/www.gelatiamo.eu\/wp-content\/uploads\/helado-artesanal-gelatiamo-1024x1024.png 1024w, https:\/\/www.gelatiamo.eu\/wp-content\/uploads\/helado-artesanal-gelatiamo-300x300.png 300w, https:\/\/www.gelatiamo.eu\/wp-content\/uploads\/helado-artesanal-gelatiamo-150x150.png 150w, https:\/\/www.gelatiamo.eu\/wp-content\/uploads\/helado-artesanal-gelatiamo-768x768.png 768w, https:\/\/www.gelatiamo.eu\/wp-content\/uploads\/helado-artesanal-gelatiamo.png 1080w\" sizes=\"(max-width: 800px) 100vw, 800px\" \/>\t\t\t\t\t\t\t\t\t\t\t\t\t\t\t<\/div>\n\t\t\t\t<\/div>\n\t\t\t\t<div class=\"elementor-element elementor-element-27e4d3e elementor-widget__width-initial elementor-widget-mobile__width-inherit elementor-widget elementor-widget-text-editor\" data-id=\"27e4d3e\" data-element_type=\"widget\" data-settings=\"{&quot;_animation_tablet&quot;:&quot;fadeIn&quot;}\" data-widget_type=\"text-editor.default\">\n\t\t\t\t<div class=\"elementor-widget-container\">\n\t\t\t\t\t\t\t\t\t<h3 class=\"theme-color\">Descubre un nuevo sabor todos los d\u00edas<\/h3><p>Explore nuestra colecci\u00f3n de sabores originales que incluyen favoritos cl\u00e1sicos, combinaciones \u00fanicas y selecciones de temporada. \u00a1Con m\u00e1s de 50 sabores para elegir y m\u00e1s de 1.000 combinaciones posibles, seguramente encontrar\u00e1 su nuevo sabor favorito todos los d\u00edas!<\/p><h3 class=\"theme-color\">\u00bfQu\u00e9 hace especial los helados de Gelatiamo?<\/h3><h6>Tambi\u00e9n estamos aqu\u00ed para ti todo el a\u00f1o.<\/h6><p>\u00a1Visite una de nuestras tiendas o haga un pedido en l\u00ednea en cualquier \u00e9poca del a\u00f1o! Hacemos todos los helados frescos, producidos cada d\u00eda en peque\u00f1as cantidades y en cada tienda. Prueba nuestros sorbetes sin colorantes ni saborizantes: s\u00f3lo fruta para dar sabor y color. Porque contienen m\u00e1s de un 35% de fruta natural.<\/p>\t\t\t\t\t\t\t\t<\/div>\n\t\t\t\t<\/div>\n\t\t\t\t<\/div>\n\t\t<div class=\"elementor-element elementor-element-9f7ea71 e-con-full e-flex e-con e-parent\" data-id=\"9f7ea71\" data-element_type=\"container\" data-settings=\"{&quot;background_background&quot;:&quot;classic&quot;}\">\n\t\t\t\t<div class=\"elementor-element elementor-element-6597886 elementor-widget elementor-widget-text-editor\" data-id=\"6597886\" data-element_type=\"widget\" data-settings=\"{&quot;_animation_tablet&quot;:&quot;fadeIn&quot;}\" data-widget_type=\"text-editor.default\">\n\t\t\t\t<div class=\"elementor-widget-container\">\n\t\t\t\t\t\t\t\t\t<h2><strong>Helader\u00eda artesanal desde 2006<\/strong><\/h2><p>El helado artesanal es un trabajo de amor. Est\u00e1 lleno de aut\u00e9nticos y ricos sabores elaborados con los mejores ingredientes que podemos encontrar. \u00a1Ofrecemos m\u00e1s de 50 sabores de helados diferentes y tu favorito siempre est\u00e1 disponible!<\/p><p>Gelatiamo es una verdadera helader\u00eda artesanal italiana. Llevamos desde 2006 elaborando y sirviendo aut\u00e9ntico helado italiano. Nuestra pasi\u00f3n es el helado, cremoso y genuino, sin atajos, solo los mejores ingredientes. Estamos obsesionados con los lotes peque\u00f1os, producidos d\u00eda a d\u00eda, los ingredientes de calidad y la experimentaci\u00f3n de sabores. Nuestro fuerte es el helado. Lo producimos todos los d\u00edas, con nuestras propias recetas y en cantidades limitadas, nunca usamos conservantes, estabilizantes o artificiales. As\u00ed aprovechamos lo mejor que nos ofrece cada temporada.<\/p><h3 class=\"theme-color\">\u00bfQu\u00e9 sabores de helados tenemos?<\/h3><p>Sorbetes con un contenido en fruta m\u00ednimo 35%: fresa, mango, maracuy\u00e1, sand\u00eda , mel\u00f3n, lim\u00f3n, frutos del bosque, mandarina, pi\u00f1a\u2026seg\u00fan la temporada vamos variando nuestra propuesta.<\/p><p>Deliciosas cremas con un contenido en grasa al menos 10% inferior al de un helado industrial, hechas con frutos secos puros: p\u00ecstacho, avellana, nueces, sabores cl\u00e1sicos como crema catalana, leche merengada, straciatella, caf\u00e9 de Colombia, Tiramis\u00fa, vainilla bourbon, Ron con pasas, cheese cake, zabaione, yogurt, caramelo salado, arroz con leche\u2026<\/p><p>Y no pueden faltar los chocolates, para todos los gustos: Chocolate con leche, chocolate blanco, fondente negro, a la naranja, con flor de sal, gianduja ferrero\u2026 todos encuentran su favorito.<\/p>\t\t\t\t\t\t\t\t<\/div>\n\t\t\t\t<\/div>\n\t\t\t\t<\/div>\n\t\t\t\t<\/div>\n\t\t","protected":false},"excerpt":{"rendered":"<p>Practica el Arte de Saborear la Vida. El Mejor Helado del Mundo Gelatiamo hizo que el helado se convirtiera en un ritual diario. Estamos comprometidos con los ingredientes naturales aut\u00e9nticos y un enfoque artesanal de la producci\u00f3n. Gelatiamo es el pionero del aut\u00e9ntico helado italiano de alta calidad. Nuestros ingredientes provienen exclusivamente de Italia y [&hellip;]<\/p>\n","protected":false},"author":1,"featured_media":503,"parent":0,"menu_order":0,"comment_status":"closed","ping_status":"closed","template":"","meta":{"footnotes":""},"class_list":["post-35","page","type-page","status-publish","has-post-thumbnail","hentry"],"yoast_head":"<!-- This site is optimized with the Yoast SEO plugin v26.8 - https:\/\/yoast.com\/product\/yoast-seo-wordpress\/ -->\n<title>Aut\u00e9nticos helados italianos. Descubre nuestra helader\u00eda - Gelatiamo<\/title>\n<meta name=\"description\" content=\"Gelatiamo es pionero del aut\u00e9ntico helado italiano de alta calidad. Disfruta de los mejores sabores en nuestras helader\u00edas Gelatiamo.\" \/>\n<meta name=\"robots\" content=\"index, follow, max-snippet:-1, max-image-preview:large, max-video-preview:-1\" \/>\n<link rel=\"canonical\" href=\"https:\/\/www.gelatiamo.eu\/es\/helados-gelatiamo\/\" \/>\n<meta property=\"og:locale\" content=\"es_ES\" \/>\n<meta property=\"og:type\" content=\"article\" \/>\n<meta property=\"og:title\" content=\"Aut\u00e9nticos helados italianos. Descubre nuestra helader\u00eda - Gelatiamo\" \/>\n<meta property=\"og:description\" content=\"Gelatiamo es pionero del aut\u00e9ntico helado italiano de alta calidad. Disfruta de los mejores sabores en nuestras helader\u00edas Gelatiamo.\" \/>\n<meta property=\"og:url\" content=\"https:\/\/www.gelatiamo.eu\/es\/helados-gelatiamo\/\" \/>\n<meta property=\"og:site_name\" content=\"Gelatiamo\" \/>\n<meta property=\"article:publisher\" content=\"https:\/\/www.facebook.com\/GelatsGelatiamo\" \/>\n<meta property=\"article:modified_time\" content=\"2024-05-23T11:45:53+00:00\" \/>\n<meta property=\"og:image\" content=\"https:\/\/www.gelatiamo.eu\/wp-content\/uploads\/helado-artesanal-gelatiamo.png\" \/>\n\t<meta property=\"og:image:width\" content=\"1080\" \/>\n\t<meta property=\"og:image:height\" content=\"1080\" \/>\n\t<meta property=\"og:image:type\" content=\"image\/png\" \/>\n<meta name=\"twitter:card\" content=\"summary_large_image\" \/>\n<meta name=\"twitter:label1\" content=\"Tiempo de lectura\" \/>\n\t<meta name=\"twitter:data1\" content=\"3 minutos\" \/>\n<script type=\"application\/ld+json\" class=\"yoast-schema-graph\">{\"@context\":\"https:\/\/schema.org\",\"@graph\":[{\"@type\":\"WebPage\",\"@id\":\"https:\/\/www.gelatiamo.eu\/es\/helados-gelatiamo\/\",\"url\":\"https:\/\/www.gelatiamo.eu\/es\/helados-gelatiamo\/\",\"name\":\"Aut\u00e9nticos helados italianos. Descubre nuestra helader\u00eda - Gelatiamo\",\"isPartOf\":{\"@id\":\"https:\/\/www.gelatiamo.eu\/es\/#website\"},\"primaryImageOfPage\":{\"@id\":\"https:\/\/www.gelatiamo.eu\/es\/helados-gelatiamo\/#primaryimage\"},\"image\":{\"@id\":\"https:\/\/www.gelatiamo.eu\/es\/helados-gelatiamo\/#primaryimage\"},\"thumbnailUrl\":\"https:\/\/www.gelatiamo.eu\/wp-content\/uploads\/helado-artesanal-gelatiamo.png\",\"datePublished\":\"2024-04-11T23:13:06+00:00\",\"dateModified\":\"2024-05-23T11:45:53+00:00\",\"description\":\"Gelatiamo es pionero del aut\u00e9ntico helado italiano de alta calidad. Disfruta de los mejores sabores en nuestras helader\u00edas Gelatiamo.\",\"breadcrumb\":{\"@id\":\"https:\/\/www.gelatiamo.eu\/es\/helados-gelatiamo\/#breadcrumb\"},\"inLanguage\":\"es\",\"potentialAction\":[{\"@type\":\"ReadAction\",\"target\":[\"https:\/\/www.gelatiamo.eu\/es\/helados-gelatiamo\/\"]}]},{\"@type\":\"ImageObject\",\"inLanguage\":\"es\",\"@id\":\"https:\/\/www.gelatiamo.eu\/es\/helados-gelatiamo\/#primaryimage\",\"url\":\"https:\/\/www.gelatiamo.eu\/wp-content\/uploads\/helado-artesanal-gelatiamo.png\",\"contentUrl\":\"https:\/\/www.gelatiamo.eu\/wp-content\/uploads\/helado-artesanal-gelatiamo.png\",\"width\":1080,\"height\":1080,\"caption\":\"helado artesanal heladeria gelatiamo\"},{\"@type\":\"BreadcrumbList\",\"@id\":\"https:\/\/www.gelatiamo.eu\/es\/helados-gelatiamo\/#breadcrumb\",\"itemListElement\":[{\"@type\":\"ListItem\",\"position\":1,\"name\":\"Portada\",\"item\":\"https:\/\/www.gelatiamo.eu\/es\/\"},{\"@type\":\"ListItem\",\"position\":2,\"name\":\"Helados\"}]},{\"@type\":\"WebSite\",\"@id\":\"https:\/\/www.gelatiamo.eu\/es\/#website\",\"url\":\"https:\/\/www.gelatiamo.eu\/es\/\",\"name\":\"Gelatiamo\",\"description\":\"Disfruta del Arte de Saborear la Vida.\",\"publisher\":{\"@id\":\"https:\/\/www.gelatiamo.eu\/es\/#organization\"},\"potentialAction\":[{\"@type\":\"SearchAction\",\"target\":{\"@type\":\"EntryPoint\",\"urlTemplate\":\"https:\/\/www.gelatiamo.eu\/es\/?s={search_term_string}\"},\"query-input\":{\"@type\":\"PropertyValueSpecification\",\"valueRequired\":true,\"valueName\":\"search_term_string\"}}],\"inLanguage\":\"es\"},{\"@type\":\"Organization\",\"@id\":\"https:\/\/www.gelatiamo.eu\/es\/#organization\",\"name\":\"Gelatiamo\",\"url\":\"https:\/\/www.gelatiamo.eu\/es\/\",\"logo\":{\"@type\":\"ImageObject\",\"inLanguage\":\"es\",\"@id\":\"https:\/\/www.gelatiamo.eu\/es\/#\/schema\/logo\/image\/\",\"url\":\"https:\/\/www.gelatiamo.eu\/wp-content\/uploads\/2024\/04\/FAVICONGELATIAMO.svg\",\"contentUrl\":\"https:\/\/www.gelatiamo.eu\/wp-content\/uploads\/2024\/04\/FAVICONGELATIAMO.svg\",\"width\":18,\"height\":32,\"caption\":\"Gelatiamo\"},\"image\":{\"@id\":\"https:\/\/www.gelatiamo.eu\/es\/#\/schema\/logo\/image\/\"},\"sameAs\":[\"https:\/\/www.facebook.com\/GelatsGelatiamo\",\"https:\/\/www.instagram.com\/gelatiamo_world\/\"]}]}<\/script>\n<!-- \/ Yoast SEO plugin. -->","yoast_head_json":{"title":"Aut\u00e9nticos helados italianos. Descubre nuestra helader\u00eda - Gelatiamo","description":"Gelatiamo es pionero del aut\u00e9ntico helado italiano de alta calidad. Disfruta de los mejores sabores en nuestras helader\u00edas Gelatiamo.","robots":{"index":"index","follow":"follow","max-snippet":"max-snippet:-1","max-image-preview":"max-image-preview:large","max-video-preview":"max-video-preview:-1"},"canonical":"https:\/\/www.gelatiamo.eu\/es\/helados-gelatiamo\/","og_locale":"es_ES","og_type":"article","og_title":"Aut\u00e9nticos helados italianos. Descubre nuestra helader\u00eda - Gelatiamo","og_description":"Gelatiamo es pionero del aut\u00e9ntico helado italiano de alta calidad. Disfruta de los mejores sabores en nuestras helader\u00edas Gelatiamo.","og_url":"https:\/\/www.gelatiamo.eu\/es\/helados-gelatiamo\/","og_site_name":"Gelatiamo","article_publisher":"https:\/\/www.facebook.com\/GelatsGelatiamo","article_modified_time":"2024-05-23T11:45:53+00:00","og_image":[{"width":1080,"height":1080,"url":"https:\/\/www.gelatiamo.eu\/wp-content\/uploads\/helado-artesanal-gelatiamo.png","type":"image\/png"}],"twitter_card":"summary_large_image","twitter_misc":{"Tiempo de lectura":"3 minutos"},"schema":{"@context":"https:\/\/schema.org","@graph":[{"@type":"WebPage","@id":"https:\/\/www.gelatiamo.eu\/es\/helados-gelatiamo\/","url":"https:\/\/www.gelatiamo.eu\/es\/helados-gelatiamo\/","name":"Aut\u00e9nticos helados italianos. Descubre nuestra helader\u00eda - Gelatiamo","isPartOf":{"@id":"https:\/\/www.gelatiamo.eu\/es\/#website"},"primaryImageOfPage":{"@id":"https:\/\/www.gelatiamo.eu\/es\/helados-gelatiamo\/#primaryimage"},"image":{"@id":"https:\/\/www.gelatiamo.eu\/es\/helados-gelatiamo\/#primaryimage"},"thumbnailUrl":"https:\/\/www.gelatiamo.eu\/wp-content\/uploads\/helado-artesanal-gelatiamo.png","datePublished":"2024-04-11T23:13:06+00:00","dateModified":"2024-05-23T11:45:53+00:00","description":"Gelatiamo es pionero del aut\u00e9ntico helado italiano de alta calidad. Disfruta de los mejores sabores en nuestras helader\u00edas Gelatiamo.","breadcrumb":{"@id":"https:\/\/www.gelatiamo.eu\/es\/helados-gelatiamo\/#breadcrumb"},"inLanguage":"es","potentialAction":[{"@type":"ReadAction","target":["https:\/\/www.gelatiamo.eu\/es\/helados-gelatiamo\/"]}]},{"@type":"ImageObject","inLanguage":"es","@id":"https:\/\/www.gelatiamo.eu\/es\/helados-gelatiamo\/#primaryimage","url":"https:\/\/www.gelatiamo.eu\/wp-content\/uploads\/helado-artesanal-gelatiamo.png","contentUrl":"https:\/\/www.gelatiamo.eu\/wp-content\/uploads\/helado-artesanal-gelatiamo.png","width":1080,"height":1080,"caption":"helado artesanal heladeria gelatiamo"},{"@type":"BreadcrumbList","@id":"https:\/\/www.gelatiamo.eu\/es\/helados-gelatiamo\/#breadcrumb","itemListElement":[{"@type":"ListItem","position":1,"name":"Portada","item":"https:\/\/www.gelatiamo.eu\/es\/"},{"@type":"ListItem","position":2,"name":"Helados"}]},{"@type":"WebSite","@id":"https:\/\/www.gelatiamo.eu\/es\/#website","url":"https:\/\/www.gelatiamo.eu\/es\/","name":"Gelatiamo","description":"Disfruta del Arte de Saborear la Vida.","publisher":{"@id":"https:\/\/www.gelatiamo.eu\/es\/#organization"},"potentialAction":[{"@type":"SearchAction","target":{"@type":"EntryPoint","urlTemplate":"https:\/\/www.gelatiamo.eu\/es\/?s={search_term_string}"},"query-input":{"@type":"PropertyValueSpecification","valueRequired":true,"valueName":"search_term_string"}}],"inLanguage":"es"},{"@type":"Organization","@id":"https:\/\/www.gelatiamo.eu\/es\/#organization","name":"Gelatiamo","url":"https:\/\/www.gelatiamo.eu\/es\/","logo":{"@type":"ImageObject","inLanguage":"es","@id":"https:\/\/www.gelatiamo.eu\/es\/#\/schema\/logo\/image\/","url":"https:\/\/www.gelatiamo.eu\/wp-content\/uploads\/2024\/04\/FAVICONGELATIAMO.svg","contentUrl":"https:\/\/www.gelatiamo.eu\/wp-content\/uploads\/2024\/04\/FAVICONGELATIAMO.svg","width":18,"height":32,"caption":"Gelatiamo"},"image":{"@id":"https:\/\/www.gelatiamo.eu\/es\/#\/schema\/logo\/image\/"},"sameAs":["https:\/\/www.facebook.com\/GelatsGelatiamo","https:\/\/www.instagram.com\/gelatiamo_world\/"]}]}},"_links":{"self":[{"href":"https:\/\/www.gelatiamo.eu\/es\/wp-json\/wp\/v2\/pages\/35","targetHints":{"allow":["GET"]}}],"collection":[{"href":"https:\/\/www.gelatiamo.eu\/es\/wp-json\/wp\/v2\/pages"}],"about":[{"href":"https:\/\/www.gelatiamo.eu\/es\/wp-json\/wp\/v2\/types\/page"}],"author":[{"embeddable":true,"href":"https:\/\/www.gelatiamo.eu\/es\/wp-json\/wp\/v2\/users\/1"}],"replies":[{"embeddable":true,"href":"https:\/\/www.gelatiamo.eu\/es\/wp-json\/wp\/v2\/comments?post=35"}],"version-history":[{"count":20,"href":"https:\/\/www.gelatiamo.eu\/es\/wp-json\/wp\/v2\/pages\/35\/revisions"}],"predecessor-version":[{"id":1190,"href":"https:\/\/www.gelatiamo.eu\/es\/wp-json\/wp\/v2\/pages\/35\/revisions\/1190"}],"wp:featuredmedia":[{"embeddable":true,"href":"https:\/\/www.gelatiamo.eu\/es\/wp-json\/wp\/v2\/media\/503"}],"wp:attachment":[{"href":"https:\/\/www.gelatiamo.eu\/es\/wp-json\/wp\/v2\/media?parent=35"}],"curies":[{"name":"wp","href":"https:\/\/api.w.org\/{rel}","templated":true}]}}