{"id":32,"date":"2024-04-12T01:03:33","date_gmt":"2024-04-11T23:03:33","guid":{"rendered":"https:\/\/gelatiamo.calabria.dev\/?page_id=32"},"modified":"2024-04-12T01:03:33","modified_gmt":"2024-04-11T23:03:33","slug":"politica-de-proteccion-de-datos","status":"publish","type":"page","link":"https:\/\/www.gelatiamo.eu\/es\/politica-de-proteccion-de-datos\/","title":{"rendered":"Pol\u00edtica de Protecci\u00f3n de Datos"},"content":{"rendered":"\n<p><strong>LEGISLACI\u00d3N.<\/strong><br>En cumplimiento del Reglamento Europeo (UE)2016\/679 (Reglamento general de protecci\u00f3n de datos o &#8216;RGPD&#8217;), relativo a la transparencia de la informaci\u00f3n, comunicaci\u00f3n y modalidades de ejercicio de los derechos del interesado y del Art\u00edculo 13 relativo a la informaci\u00f3n que deber\u00e1 facilitarse cuando los datos personales se obtengan del interesado.<br><br><strong>RESPONSABLE DEL TRATAMIENTO.<\/strong><br>Identidad: Sadegel, S.L.&nbsp;<br>NIF: B17222332&nbsp;<br>Direcci\u00f3n: Ronda Monestir, 103b &#8211; 17820 Banyoles (Girona) &#8211; Spain&nbsp;<br>E-Mail:&nbsp;<a href=\"mailto:info@gelatiamo.eu\">info@gelatiamo.eu<\/a><br><br><strong>FINALIDAD DEL TRATAMIENTO.<\/strong><br>La finalidad del tratamiento es la de \u00abGestionar la relaci\u00f3n con los potenciales clientes que contactan por medio del formulario de contacto\u00bb.<br><br><strong>LEGITIMIZACI\u00d3N.<\/strong><br>Le informamos de que la base legal para el tratamiento de sus datos es la de poder atender su solicitud de contacto. El interesado da su consentimiento al rellenar el formulario y enviar sus datos.<br><br><strong>CONSERVACI\u00d3N DE LOS DATOS.<\/strong><br>Los datos proporcionados se conservar\u00e1n durante los plazos legalmente establecidos.<br><br><strong>CESIONES DE DATOS.<\/strong><br>Los datos no se ceder\u00e1n a terceros salvo en los casos en que exista una obligaci\u00f3n legal.&nbsp;<br><br><strong>DERECHOS DEL INTERESADO.<\/strong><br>Tendr\u00e1 derecho a acceder a sus datos personales, as\u00ed como a solicitar la rectificaci\u00f3n de los datos inexactos o, en su caso, solicitar su supresi\u00f3n cuando, entre otros motivos, los datos ya no sean necesarios para los fines que fueron recogidos. Podr\u00e1 solicitar la limitaci\u00f3n u oposici\u00f3n del tratamiento de sus datos, en cuyo caso \u00fanicamente los conservaremos para cumplir con las obligaciones legalmente establecidas.<br><br><strong>DERECHO A NO SER OBJETO DE DECISIONES INDIVIDUALES AUTOMATIZADAS, INCLUIDA LA ELABORACI\u00d3N DE PERFILES.<\/strong><br>No se realizan sobre el usuario decisiones individuales automatizadas ni se elaboran perfiles que produzcan efectos jur\u00eddicos o le afecten significativamente de modo similar.<br><br><strong>D\u00d3NDE EJERCER LOS DERECHOS.<\/strong><br>Para el ejercicio de sus derechos debe enviar un correo electr\u00f3nico a&nbsp;<a href=\"mailto:info@gelatiamo.eu\">info@gelatiamo.eu<\/a>&nbsp;indicando por escrito su petici\u00f3n y adjuntando fotocopia de su DNI.<br><br><strong>MEDIDAS DE SEGURIDAD.<\/strong><br>Teniendo en cuenta el estado de la t\u00e9cnica, los costes de aplicaci\u00f3n, y la naturaleza, el alcance, el contexto y los fines del tratamiento, as\u00ed como riesgos de probabilidad y gravedad variables para los derechos y libertades de las personas f\u00edsicas,Sadegel, S.L. aplica las medidas t\u00e9cnicas y organizativas apropiadas para garantizar un nivel de seguridad adecuado al riesgo.<br><br><strong>TRATAMIENTO BASADO EN EL CONSENTIMIENTO DEL AFECTADO.<\/strong><br>A trav\u00e9s de esta p\u00e1gina web&nbsp;&nbsp;<a target=\"_blank\" href=\"https:\/\/www.gelatiamo.eu\/\" rel=\"noreferrer noopener\">https:\/\/www.gelatiamo.eu<\/a>&nbsp;no se recoge ning\u00fan dato personal sin su consentimiento.<br><br><strong>DEBER DE CONFIDENCIALIDAD.<\/strong><br>De conformidad con el art\u00edculo 5.1 f) del Reglamento (UE) 2016\/679 Sadegel, S.L. se compromete a tratar de forma absolutamente confidencial sus datos de car\u00e1cter personal y a utilizarlos s\u00f3lo para las finalidades indicadas.<br><br><strong>INEXACTITUD DE LOS DATOS OBTENIDOS DIRECTAMENTE DEL AFECTADO.<\/strong><br>A los efectos previstos en el art\u00edculo 5.1 d) del Reglamento (UE) 2016\/679, no ser\u00e1n imputables al responsable del tratamiento los datos personales que sean inexactos con respecto a los fines para los que se tratan, si usted no ha ejercitado su derecho de rectificaci\u00f3n.<br><br><strong>DERECHO A RECLAMAR.<\/strong><br>En el caso de que no est\u00e9 conforme con el tratamiento de sus datos podr\u00e1 dirigir sus reclamaciones ante las Autoridades de protecci\u00f3n de datos.<\/p>\n","protected":false},"excerpt":{"rendered":"<p>LEGISLACI\u00d3N.En cumplimiento del Reglamento Europeo (UE)2016\/679 (Reglamento general de protecci\u00f3n de datos o &#8216;RGPD&#8217;), relativo a la transparencia de la informaci\u00f3n, comunicaci\u00f3n y modalidades de ejercicio de los derechos del interesado y del Art\u00edculo 13 relativo a la informaci\u00f3n que deber\u00e1 facilitarse cuando los datos personales se obtengan del interesado. RESPONSABLE DEL TRATAMIENTO.Identidad: Sadegel, S.L.&nbsp;NIF: [&hellip;]<\/p>\n","protected":false},"author":1,"featured_media":0,"parent":0,"menu_order":0,"comment_status":"closed","ping_status":"closed","template":"","meta":{"footnotes":""},"class_list":["post-32","page","type-page","status-publish","hentry"],"yoast_head":"<!-- This site is optimized with the Yoast SEO plugin v27.5 - https:\/\/yoast.com\/product\/yoast-seo-wordpress\/ -->\n<title>Pol\u00edtica de Protecci\u00f3n de Datos - Gelatiamo<\/title>\n<meta name=\"robots\" content=\"index, follow, max-snippet:-1, max-image-preview:large, max-video-preview:-1\" \/>\n<link rel=\"canonical\" href=\"https:\/\/www.gelatiamo.eu\/es\/politica-de-proteccion-de-datos\/\" \/>\n<meta property=\"og:locale\" content=\"es_ES\" \/>\n<meta property=\"og:type\" content=\"article\" \/>\n<meta property=\"og:title\" content=\"Pol\u00edtica de Protecci\u00f3n de Datos - Gelatiamo\" \/>\n<meta property=\"og:description\" content=\"LEGISLACI\u00d3N.En cumplimiento del Reglamento Europeo (UE)2016\/679 (Reglamento general de protecci\u00f3n de datos o &#8216;RGPD&#8217;), relativo a la transparencia de la informaci\u00f3n, comunicaci\u00f3n y modalidades de ejercicio de los derechos del interesado y del Art\u00edculo 13 relativo a la informaci\u00f3n que deber\u00e1 facilitarse cuando los datos personales se obtengan del interesado. RESPONSABLE DEL TRATAMIENTO.Identidad: Sadegel, S.L.&nbsp;NIF: [&hellip;]\" \/>\n<meta property=\"og:url\" content=\"https:\/\/www.gelatiamo.eu\/es\/politica-de-proteccion-de-datos\/\" \/>\n<meta property=\"og:site_name\" content=\"Gelatiamo\" \/>\n<meta property=\"article:publisher\" content=\"https:\/\/www.facebook.com\/GelatsGelatiamo\" \/>\n<meta property=\"og:image\" content=\"https:\/\/www.gelatiamo.eu\/wp-content\/uploads\/Gelatiamo-gelato.png\" \/>\n\t<meta property=\"og:image:width\" content=\"817\" \/>\n\t<meta property=\"og:image:height\" content=\"1080\" \/>\n\t<meta property=\"og:image:type\" content=\"image\/png\" \/>\n<meta name=\"twitter:card\" content=\"summary_large_image\" \/>\n<meta name=\"twitter:label1\" content=\"Tiempo de lectura\" \/>\n\t<meta name=\"twitter:data1\" content=\"3 minutos\" \/>\n<script type=\"application\/ld+json\" class=\"yoast-schema-graph\">{\"@context\":\"https:\\\/\\\/schema.org\",\"@graph\":[{\"@type\":\"WebPage\",\"@id\":\"https:\\\/\\\/www.gelatiamo.eu\\\/es\\\/politica-de-proteccion-de-datos\\\/\",\"url\":\"https:\\\/\\\/www.gelatiamo.eu\\\/es\\\/politica-de-proteccion-de-datos\\\/\",\"name\":\"Pol\u00edtica de Protecci\u00f3n de Datos - Gelatiamo\",\"isPartOf\":{\"@id\":\"https:\\\/\\\/www.gelatiamo.eu\\\/es\\\/#website\"},\"datePublished\":\"2024-04-11T23:03:33+00:00\",\"breadcrumb\":{\"@id\":\"https:\\\/\\\/www.gelatiamo.eu\\\/es\\\/politica-de-proteccion-de-datos\\\/#breadcrumb\"},\"inLanguage\":\"es\",\"potentialAction\":[{\"@type\":\"ReadAction\",\"target\":[\"https:\\\/\\\/www.gelatiamo.eu\\\/es\\\/politica-de-proteccion-de-datos\\\/\"]}]},{\"@type\":\"BreadcrumbList\",\"@id\":\"https:\\\/\\\/www.gelatiamo.eu\\\/es\\\/politica-de-proteccion-de-datos\\\/#breadcrumb\",\"itemListElement\":[{\"@type\":\"ListItem\",\"position\":1,\"name\":\"Portada\",\"item\":\"https:\\\/\\\/www.gelatiamo.eu\\\/es\\\/\"},{\"@type\":\"ListItem\",\"position\":2,\"name\":\"Pol\u00edtica de Protecci\u00f3n de Datos\"}]},{\"@type\":\"WebSite\",\"@id\":\"https:\\\/\\\/www.gelatiamo.eu\\\/es\\\/#website\",\"url\":\"https:\\\/\\\/www.gelatiamo.eu\\\/es\\\/\",\"name\":\"Gelatiamo\",\"description\":\"Disfruta del Arte de Saborear la Vida.\",\"publisher\":{\"@id\":\"https:\\\/\\\/www.gelatiamo.eu\\\/es\\\/#organization\"},\"potentialAction\":[{\"@type\":\"SearchAction\",\"target\":{\"@type\":\"EntryPoint\",\"urlTemplate\":\"https:\\\/\\\/www.gelatiamo.eu\\\/es\\\/?s={search_term_string}\"},\"query-input\":{\"@type\":\"PropertyValueSpecification\",\"valueRequired\":true,\"valueName\":\"search_term_string\"}}],\"inLanguage\":\"es\"},{\"@type\":\"Organization\",\"@id\":\"https:\\\/\\\/www.gelatiamo.eu\\\/es\\\/#organization\",\"name\":\"Gelatiamo\",\"url\":\"https:\\\/\\\/www.gelatiamo.eu\\\/es\\\/\",\"logo\":{\"@type\":\"ImageObject\",\"inLanguage\":\"es\",\"@id\":\"https:\\\/\\\/www.gelatiamo.eu\\\/es\\\/#\\\/schema\\\/logo\\\/image\\\/\",\"url\":\"https:\\\/\\\/www.gelatiamo.eu\\\/wp-content\\\/uploads\\\/2024\\\/04\\\/FAVICONGELATIAMO.svg\",\"contentUrl\":\"https:\\\/\\\/www.gelatiamo.eu\\\/wp-content\\\/uploads\\\/2024\\\/04\\\/FAVICONGELATIAMO.svg\",\"width\":18,\"height\":32,\"caption\":\"Gelatiamo\"},\"image\":{\"@id\":\"https:\\\/\\\/www.gelatiamo.eu\\\/es\\\/#\\\/schema\\\/logo\\\/image\\\/\"},\"sameAs\":[\"https:\\\/\\\/www.facebook.com\\\/GelatsGelatiamo\",\"https:\\\/\\\/www.instagram.com\\\/gelatiamo_world\\\/\"]}]}<\/script>\n<!-- \/ Yoast SEO plugin. -->","yoast_head_json":{"title":"Pol\u00edtica de Protecci\u00f3n de Datos - Gelatiamo","robots":{"index":"index","follow":"follow","max-snippet":"max-snippet:-1","max-image-preview":"max-image-preview:large","max-video-preview":"max-video-preview:-1"},"canonical":"https:\/\/www.gelatiamo.eu\/es\/politica-de-proteccion-de-datos\/","og_locale":"es_ES","og_type":"article","og_title":"Pol\u00edtica de Protecci\u00f3n de Datos - Gelatiamo","og_description":"LEGISLACI\u00d3N.En cumplimiento del Reglamento Europeo (UE)2016\/679 (Reglamento general de protecci\u00f3n de datos o &#8216;RGPD&#8217;), relativo a la transparencia de la informaci\u00f3n, comunicaci\u00f3n y modalidades de ejercicio de los derechos del interesado y del Art\u00edculo 13 relativo a la informaci\u00f3n que deber\u00e1 facilitarse cuando los datos personales se obtengan del interesado. RESPONSABLE DEL TRATAMIENTO.Identidad: Sadegel, S.L.&nbsp;NIF: [&hellip;]","og_url":"https:\/\/www.gelatiamo.eu\/es\/politica-de-proteccion-de-datos\/","og_site_name":"Gelatiamo","article_publisher":"https:\/\/www.facebook.com\/GelatsGelatiamo","og_image":[{"width":817,"height":1080,"url":"https:\/\/www.gelatiamo.eu\/wp-content\/uploads\/Gelatiamo-gelato.png","type":"image\/png"}],"twitter_card":"summary_large_image","twitter_misc":{"Tiempo de lectura":"3 minutos"},"schema":{"@context":"https:\/\/schema.org","@graph":[{"@type":"WebPage","@id":"https:\/\/www.gelatiamo.eu\/es\/politica-de-proteccion-de-datos\/","url":"https:\/\/www.gelatiamo.eu\/es\/politica-de-proteccion-de-datos\/","name":"Pol\u00edtica de Protecci\u00f3n de Datos - Gelatiamo","isPartOf":{"@id":"https:\/\/www.gelatiamo.eu\/es\/#website"},"datePublished":"2024-04-11T23:03:33+00:00","breadcrumb":{"@id":"https:\/\/www.gelatiamo.eu\/es\/politica-de-proteccion-de-datos\/#breadcrumb"},"inLanguage":"es","potentialAction":[{"@type":"ReadAction","target":["https:\/\/www.gelatiamo.eu\/es\/politica-de-proteccion-de-datos\/"]}]},{"@type":"BreadcrumbList","@id":"https:\/\/www.gelatiamo.eu\/es\/politica-de-proteccion-de-datos\/#breadcrumb","itemListElement":[{"@type":"ListItem","position":1,"name":"Portada","item":"https:\/\/www.gelatiamo.eu\/es\/"},{"@type":"ListItem","position":2,"name":"Pol\u00edtica de Protecci\u00f3n de Datos"}]},{"@type":"WebSite","@id":"https:\/\/www.gelatiamo.eu\/es\/#website","url":"https:\/\/www.gelatiamo.eu\/es\/","name":"Gelatiamo","description":"Disfruta del Arte de Saborear la Vida.","publisher":{"@id":"https:\/\/www.gelatiamo.eu\/es\/#organization"},"potentialAction":[{"@type":"SearchAction","target":{"@type":"EntryPoint","urlTemplate":"https:\/\/www.gelatiamo.eu\/es\/?s={search_term_string}"},"query-input":{"@type":"PropertyValueSpecification","valueRequired":true,"valueName":"search_term_string"}}],"inLanguage":"es"},{"@type":"Organization","@id":"https:\/\/www.gelatiamo.eu\/es\/#organization","name":"Gelatiamo","url":"https:\/\/www.gelatiamo.eu\/es\/","logo":{"@type":"ImageObject","inLanguage":"es","@id":"https:\/\/www.gelatiamo.eu\/es\/#\/schema\/logo\/image\/","url":"https:\/\/www.gelatiamo.eu\/wp-content\/uploads\/2024\/04\/FAVICONGELATIAMO.svg","contentUrl":"https:\/\/www.gelatiamo.eu\/wp-content\/uploads\/2024\/04\/FAVICONGELATIAMO.svg","width":18,"height":32,"caption":"Gelatiamo"},"image":{"@id":"https:\/\/www.gelatiamo.eu\/es\/#\/schema\/logo\/image\/"},"sameAs":["https:\/\/www.facebook.com\/GelatsGelatiamo","https:\/\/www.instagram.com\/gelatiamo_world\/"]}]}},"_links":{"self":[{"href":"https:\/\/www.gelatiamo.eu\/es\/wp-json\/wp\/v2\/pages\/32","targetHints":{"allow":["GET"]}}],"collection":[{"href":"https:\/\/www.gelatiamo.eu\/es\/wp-json\/wp\/v2\/pages"}],"about":[{"href":"https:\/\/www.gelatiamo.eu\/es\/wp-json\/wp\/v2\/types\/page"}],"author":[{"embeddable":true,"href":"https:\/\/www.gelatiamo.eu\/es\/wp-json\/wp\/v2\/users\/1"}],"replies":[{"embeddable":true,"href":"https:\/\/www.gelatiamo.eu\/es\/wp-json\/wp\/v2\/comments?post=32"}],"version-history":[{"count":1,"href":"https:\/\/www.gelatiamo.eu\/es\/wp-json\/wp\/v2\/pages\/32\/revisions"}],"predecessor-version":[{"id":33,"href":"https:\/\/www.gelatiamo.eu\/es\/wp-json\/wp\/v2\/pages\/32\/revisions\/33"}],"wp:attachment":[{"href":"https:\/\/www.gelatiamo.eu\/es\/wp-json\/wp\/v2\/media?parent=32"}],"curies":[{"name":"wp","href":"https:\/\/api.w.org\/{rel}","templated":true}]}}