{"id":20,"date":"2024-04-12T00:56:40","date_gmt":"2024-04-11T22:56:40","guid":{"rendered":"https:\/\/gelatiamo.calabria.dev\/?page_id=20"},"modified":"2025-08-29T09:25:38","modified_gmt":"2025-08-29T07:25:38","slug":"nuestro-club","status":"publish","type":"page","link":"https:\/\/www.gelatiamo.eu\/es\/nuestro-club\/","title":{"rendered":"Nuestro Club"},"content":{"rendered":"\t\t<div data-elementor-type=\"wp-page\" data-elementor-id=\"20\" class=\"elementor elementor-20\" data-elementor-post-type=\"page\">\n\t\t\t\t<div class=\"elementor-element elementor-element-a774299 e-con-full e-flex e-con e-parent\" data-id=\"a774299\" data-element_type=\"container\" data-settings=\"{&quot;background_background&quot;:&quot;classic&quot;}\">\n\t\t<div class=\"elementor-element elementor-element-ca60009 e-con-full e-flex e-con e-child\" data-id=\"ca60009\" data-element_type=\"container\">\n\t\t\t\t<div class=\"elementor-element elementor-element-143f851 elementor-widget elementor-widget-heading\" data-id=\"143f851\" data-element_type=\"widget\" data-widget_type=\"heading.default\">\n\t\t\t\t<div class=\"elementor-widget-container\">\n\t\t\t\t\t<h1 class=\"elementor-heading-title elementor-size-default\">Ser de la<br>\n<i>Societ\u00e0 del gusto<\/i>\n<br>tiene ventajas.<\/h1>\t\t\t\t<\/div>\n\t\t\t\t<\/div>\n\t\t\t\t<div class=\"elementor-element elementor-element-5583ea7 elementor-widget elementor-widget-text-editor\" data-id=\"5583ea7\" data-element_type=\"widget\" data-settings=\"{&quot;_animation_tablet&quot;:&quot;fadeIn&quot;}\" data-widget_type=\"text-editor.default\">\n\t\t\t\t<div class=\"elementor-widget-container\">\n\t\t\t\t\t\t\t\t\t<p>Acumula puntos por cada compra y gana un mont\u00f3n de premios.<\/p>\t\t\t\t\t\t\t\t<\/div>\n\t\t\t\t<\/div>\n\t\t\t\t<div class=\"elementor-element elementor-element-198d8c0 elementor-align-center e-transform elementor-widget elementor-widget-button\" data-id=\"198d8c0\" data-element_type=\"widget\" data-settings=\"{&quot;_animation_tablet&quot;:&quot;fadeIn&quot;,&quot;_transform_scale_effect_hover&quot;:{&quot;unit&quot;:&quot;px&quot;,&quot;size&quot;:1.1,&quot;sizes&quot;:[]},&quot;_transform_scale_effect_hover_tablet&quot;:{&quot;unit&quot;:&quot;px&quot;,&quot;size&quot;:&quot;&quot;,&quot;sizes&quot;:[]},&quot;_transform_scale_effect_hover_mobile&quot;:{&quot;unit&quot;:&quot;px&quot;,&quot;size&quot;:&quot;&quot;,&quot;sizes&quot;:[]}}\" data-widget_type=\"button.default\">\n\t\t\t\t<div class=\"elementor-widget-container\">\n\t\t\t\t\t\t\t\t\t<div class=\"elementor-button-wrapper\">\n\t\t\t\t\t<a class=\"elementor-button elementor-button-link elementor-size-sm\" href=\"\/es\/stores\/\">\n\t\t\t\t\t\t<span class=\"elementor-button-content-wrapper\">\n\t\t\t\t\t\t\t\t\t<span class=\"elementor-button-text\">PIDE M\u00c1S INFO EN TU GELATIAMO<\/span>\n\t\t\t\t\t<\/span>\n\t\t\t\t\t<\/a>\n\t\t\t\t<\/div>\n\t\t\t\t\t\t\t\t<\/div>\n\t\t\t\t<\/div>\n\t\t\t\t<\/div>\n\t\t<div class=\"elementor-element elementor-element-b89e9e6 e-con-full e-flex e-con e-child\" data-id=\"b89e9e6\" data-element_type=\"container\" data-settings=\"{&quot;background_background&quot;:&quot;classic&quot;}\">\n\t\t\t\t<\/div>\n\t\t\t\t<\/div>\n\t\t<div class=\"elementor-element elementor-element-209fa6f e-con-full e-flex e-con e-parent\" data-id=\"209fa6f\" data-element_type=\"container\">\n\t\t<div class=\"elementor-element elementor-element-745807c e-con-full e-flex e-con e-child\" data-id=\"745807c\" data-element_type=\"container\" data-settings=\"{&quot;motion_fx_motion_fx_scrolling&quot;:&quot;yes&quot;,&quot;motion_fx_rotateZ_effect&quot;:&quot;yes&quot;,&quot;motion_fx_rotateZ_speed&quot;:{&quot;unit&quot;:&quot;px&quot;,&quot;size&quot;:0.2,&quot;sizes&quot;:[]},&quot;motion_fx_rotateZ_affectedRange&quot;:{&quot;unit&quot;:&quot;%&quot;,&quot;size&quot;:&quot;&quot;,&quot;sizes&quot;:{&quot;start&quot;:0,&quot;end&quot;:100}},&quot;motion_fx_devices&quot;:[&quot;desktop&quot;,&quot;tablet&quot;,&quot;mobile&quot;]}\">\n\t\t\t\t<div class=\"elementor-element elementor-element-f45f2e1 elementor-widget__width-initial elementor-widget elementor-widget-image\" data-id=\"f45f2e1\" data-element_type=\"widget\" data-widget_type=\"image.default\">\n\t\t\t\t<div class=\"elementor-widget-container\">\n\t\t\t\t\t\t\t\t\t\t\t\t\t\t\t<img fetchpriority=\"high\" decoding=\"async\" width=\"750\" height=\"750\" src=\"https:\/\/www.gelatiamo.eu\/wp-content\/uploads\/GELATIAMO-CLUB.png\" class=\"attachment-large size-large wp-image-576\" alt=\"club-gelatiamo\" srcset=\"https:\/\/www.gelatiamo.eu\/wp-content\/uploads\/GELATIAMO-CLUB.png 750w, https:\/\/www.gelatiamo.eu\/wp-content\/uploads\/GELATIAMO-CLUB-300x300.png 300w, https:\/\/www.gelatiamo.eu\/wp-content\/uploads\/GELATIAMO-CLUB-150x150.png 150w\" sizes=\"(max-width: 750px) 100vw, 750px\" \/>\t\t\t\t\t\t\t\t\t\t\t\t\t\t\t<\/div>\n\t\t\t\t<\/div>\n\t\t\t\t<\/div>\n\t\t<div class=\"elementor-element elementor-element-a2cd387 e-con-full e-flex e-con e-child\" data-id=\"a2cd387\" data-element_type=\"container\">\n\t\t\t\t<div class=\"elementor-element elementor-element-c8e3ec0 elementor-widget elementor-widget-image\" data-id=\"c8e3ec0\" data-element_type=\"widget\" data-widget_type=\"image.default\">\n\t\t\t\t<div class=\"elementor-widget-container\">\n\t\t\t\t\t\t\t\t\t\t\t\t\t\t\t<img decoding=\"async\" width=\"652\" height=\"177\" src=\"https:\/\/www.gelatiamo.eu\/wp-content\/uploads\/SOCIETA-DEL-GUSTO.svg\" class=\"attachment-large size-large wp-image-578\" alt=\"societa del gusto\" \/>\t\t\t\t\t\t\t\t\t\t\t\t\t\t\t<\/div>\n\t\t\t\t<\/div>\n\t\t\t\t<div class=\"elementor-element elementor-element-c3fbda5 elementor-widget elementor-widget-text-editor\" data-id=\"c3fbda5\" data-element_type=\"widget\" data-settings=\"{&quot;_animation_tablet&quot;:&quot;fadeIn&quot;}\" data-widget_type=\"text-editor.default\">\n\t\t\t\t<div class=\"elementor-widget-container\">\n\t\t\t\t\t\t\t\t\t<p>La Societ\u00e0 del Gusto es una comunidad para todos aquellos amantes y a pasionados del sabor de los productos hechos al d\u00eda. Solo por pertecener a este club se obtendr\u00e1n descuentos, ventajas y premios exclusivos en GELATIAMO, pero tambi\u00e9n se demostrar\u00e1 un compromiso con el buen caf\u00e9, el helado handmade o la boller\u00eda hecha al d\u00eda.<\/p>\t\t\t\t\t\t\t\t<\/div>\n\t\t\t\t<\/div>\n\t\t\t\t<div class=\"elementor-element elementor-element-2631db1 elementor-widget elementor-widget-text-editor\" data-id=\"2631db1\" data-element_type=\"widget\" data-settings=\"{&quot;_animation_tablet&quot;:&quot;fadeIn&quot;}\" data-widget_type=\"text-editor.default\">\n\t\t\t\t<div class=\"elementor-widget-container\">\n\t\t\t\t\t\t\t\t\t<p>\u00a1Al primer caf\u00e9 invitamos nosotros!<\/p>\t\t\t\t\t\t\t\t<\/div>\n\t\t\t\t<\/div>\n\t\t\t\t<div class=\"elementor-element elementor-element-4758c91 elementor-align-center e-transform elementor-widget elementor-widget-button\" data-id=\"4758c91\" data-element_type=\"widget\" data-settings=\"{&quot;_animation_tablet&quot;:&quot;fadeIn&quot;,&quot;_transform_scale_effect_hover&quot;:{&quot;unit&quot;:&quot;px&quot;,&quot;size&quot;:1.1,&quot;sizes&quot;:[]},&quot;_transform_scale_effect_hover_tablet&quot;:{&quot;unit&quot;:&quot;px&quot;,&quot;size&quot;:&quot;&quot;,&quot;sizes&quot;:[]},&quot;_transform_scale_effect_hover_mobile&quot;:{&quot;unit&quot;:&quot;px&quot;,&quot;size&quot;:&quot;&quot;,&quot;sizes&quot;:[]}}\" data-widget_type=\"button.default\">\n\t\t\t\t<div class=\"elementor-widget-container\">\n\t\t\t\t\t\t\t\t\t<div class=\"elementor-button-wrapper\">\n\t\t\t\t\t<a class=\"elementor-button elementor-button-link elementor-size-sm\" href=\"\/es\/stores\/\">\n\t\t\t\t\t\t<span class=\"elementor-button-content-wrapper\">\n\t\t\t\t\t\t\t\t\t<span class=\"elementor-button-text\">PIDE M\u00c1S INFO EN TU GELATIAMO<\/span>\n\t\t\t\t\t<\/span>\n\t\t\t\t\t<\/a>\n\t\t\t\t<\/div>\n\t\t\t\t\t\t\t\t<\/div>\n\t\t\t\t<\/div>\n\t\t\t\t<\/div>\n\t\t\t\t<\/div>\n\t\t<div class=\"elementor-element elementor-element-6ee2b94 e-con-full e-flex e-con e-parent\" data-id=\"6ee2b94\" data-element_type=\"container\" data-settings=\"{&quot;background_background&quot;:&quot;classic&quot;}\">\n\t\t\t\t<div class=\"elementor-element elementor-element-d3c4cd5 elementor-widget__width-inherit elementor-widget elementor-widget-heading\" data-id=\"d3c4cd5\" data-element_type=\"widget\" data-settings=\"{&quot;_animation_tablet&quot;:&quot;fadeIn&quot;}\" data-widget_type=\"heading.default\">\n\t\t\t\t<div class=\"elementor-widget-container\">\n\t\t\t\t\t<h2 class=\"elementor-heading-title elementor-size-default\">\u00bfC\u00f3mo Funciona?<\/h2>\t\t\t\t<\/div>\n\t\t\t\t<\/div>\n\t\t\t\t<div class=\"elementor-element elementor-element-87af13c elementor-widget__width-initial elementor-widget elementor-widget-image\" data-id=\"87af13c\" data-element_type=\"widget\" data-widget_type=\"image.default\">\n\t\t\t\t<div class=\"elementor-widget-container\">\n\t\t\t\t\t\t\t\t\t\t\t\t\t\t\t<img decoding=\"async\" width=\"296\" height=\"296\" src=\"https:\/\/www.gelatiamo.eu\/wp-content\/uploads\/1.svg\" class=\"attachment-large size-large wp-image-604\" alt=\"club-gelatiamo\" \/>\t\t\t\t\t\t\t\t\t\t\t\t\t\t\t<\/div>\n\t\t\t\t<\/div>\n\t\t\t\t<div class=\"elementor-element elementor-element-7b9e6d3 elementor-widget__width-initial elementor-widget elementor-widget-image\" data-id=\"7b9e6d3\" data-element_type=\"widget\" data-widget_type=\"image.default\">\n\t\t\t\t<div class=\"elementor-widget-container\">\n\t\t\t\t\t\t\t\t\t\t\t\t\t\t\t<img loading=\"lazy\" decoding=\"async\" width=\"296\" height=\"296\" src=\"https:\/\/www.gelatiamo.eu\/wp-content\/uploads\/2.svg\" class=\"attachment-large size-large wp-image-605\" alt=\"club-gelatiamo\" \/>\t\t\t\t\t\t\t\t\t\t\t\t\t\t\t<\/div>\n\t\t\t\t<\/div>\n\t\t\t\t<div class=\"elementor-element elementor-element-73348fe elementor-widget__width-initial elementor-widget elementor-widget-image\" data-id=\"73348fe\" data-element_type=\"widget\" data-widget_type=\"image.default\">\n\t\t\t\t<div class=\"elementor-widget-container\">\n\t\t\t\t\t\t\t\t\t\t\t\t\t\t\t<img loading=\"lazy\" decoding=\"async\" width=\"296\" height=\"296\" src=\"https:\/\/www.gelatiamo.eu\/wp-content\/uploads\/3.svg\" class=\"attachment-large size-large wp-image-606\" alt=\"club-gelatiamo\" \/>\t\t\t\t\t\t\t\t\t\t\t\t\t\t\t<\/div>\n\t\t\t\t<\/div>\n\t\t\t\t<div class=\"elementor-element elementor-element-8cf86cb elementor-widget__width-initial elementor-widget elementor-widget-image\" data-id=\"8cf86cb\" data-element_type=\"widget\" data-widget_type=\"image.default\">\n\t\t\t\t<div class=\"elementor-widget-container\">\n\t\t\t\t\t\t\t\t\t\t\t\t\t\t\t<img loading=\"lazy\" decoding=\"async\" width=\"296\" height=\"296\" src=\"https:\/\/www.gelatiamo.eu\/wp-content\/uploads\/4.svg\" class=\"attachment-large size-large wp-image-607\" alt=\"club-gelatiamo\" \/>\t\t\t\t\t\t\t\t\t\t\t\t\t\t\t<\/div>\n\t\t\t\t<\/div>\n\t\t\t\t<div class=\"elementor-element elementor-element-8c566a3 elementor-widget__width-initial elementor-widget elementor-widget-image\" data-id=\"8c566a3\" data-element_type=\"widget\" data-widget_type=\"image.default\">\n\t\t\t\t<div class=\"elementor-widget-container\">\n\t\t\t\t\t\t\t\t\t\t\t\t\t\t\t<img loading=\"lazy\" decoding=\"async\" width=\"296\" height=\"296\" src=\"https:\/\/www.gelatiamo.eu\/wp-content\/uploads\/5.svg\" class=\"attachment-large size-large wp-image-608\" alt=\"club-gelatiamo\" \/>\t\t\t\t\t\t\t\t\t\t\t\t\t\t\t<\/div>\n\t\t\t\t<\/div>\n\t\t\t\t<div class=\"elementor-element elementor-element-b427a48 elementor-align-center e-transform elementor-widget elementor-widget-button\" data-id=\"b427a48\" data-element_type=\"widget\" data-settings=\"{&quot;_animation_tablet&quot;:&quot;fadeIn&quot;,&quot;_transform_scale_effect_hover&quot;:{&quot;unit&quot;:&quot;px&quot;,&quot;size&quot;:1.1,&quot;sizes&quot;:[]},&quot;_transform_scale_effect_hover_tablet&quot;:{&quot;unit&quot;:&quot;px&quot;,&quot;size&quot;:&quot;&quot;,&quot;sizes&quot;:[]},&quot;_transform_scale_effect_hover_mobile&quot;:{&quot;unit&quot;:&quot;px&quot;,&quot;size&quot;:&quot;&quot;,&quot;sizes&quot;:[]}}\" data-widget_type=\"button.default\">\n\t\t\t\t<div class=\"elementor-widget-container\">\n\t\t\t\t\t\t\t\t\t<div class=\"elementor-button-wrapper\">\n\t\t\t\t\t<a class=\"elementor-button elementor-button-link elementor-size-sm\" href=\"\/es\/stores\/\">\n\t\t\t\t\t\t<span class=\"elementor-button-content-wrapper\">\n\t\t\t\t\t\t\t\t\t<span class=\"elementor-button-text\">PIDE M\u00c1S INFO EN TU GELATIAMO<\/span>\n\t\t\t\t\t<\/span>\n\t\t\t\t\t<\/a>\n\t\t\t\t<\/div>\n\t\t\t\t\t\t\t\t<\/div>\n\t\t\t\t<\/div>\n\t\t\t\t<\/div>\n\t\t\t\t<\/div>\n\t\t","protected":false},"excerpt":{"rendered":"<p>Ser de la Societ\u00e0 del gusto tiene ventajas. Acumula puntos por cada compra y gana un mont\u00f3n de premios. PIDE M\u00c1S INFO EN TU GELATIAMO La Societ\u00e0 del Gusto es una comunidad para todos aquellos amantes y a pasionados del sabor de los productos hechos al d\u00eda. Solo por pertecener a este club se obtendr\u00e1n [&hellip;]<\/p>\n","protected":false},"author":1,"featured_media":0,"parent":0,"menu_order":0,"comment_status":"closed","ping_status":"closed","template":"","meta":{"footnotes":""},"class_list":["post-20","page","type-page","status-publish","hentry"],"yoast_head":"<!-- This site is optimized with the Yoast SEO plugin v26.8 - https:\/\/yoast.com\/product\/yoast-seo-wordpress\/ -->\n<title>Societ\u00e0 del gusto: Nuestro Club - Gelatiamo<\/title>\n<meta name=\"description\" content=\"Ser de la Societ\u00e0 del gustotiene ventajas.Acumula puntos por cada compra y gana un mont\u00f3n de premios. Desc\u00fabrelo aqu\u00ed.\" \/>\n<meta name=\"robots\" content=\"index, follow, max-snippet:-1, max-image-preview:large, max-video-preview:-1\" \/>\n<link rel=\"canonical\" href=\"https:\/\/www.gelatiamo.eu\/es\/nuestro-club\/\" \/>\n<meta property=\"og:locale\" content=\"es_ES\" \/>\n<meta property=\"og:type\" content=\"article\" \/>\n<meta property=\"og:title\" content=\"Societ\u00e0 del gusto: Nuestro Club - Gelatiamo\" \/>\n<meta property=\"og:description\" content=\"Ser de la Societ\u00e0 del gustotiene ventajas.Acumula puntos por cada compra y gana un mont\u00f3n de premios. Desc\u00fabrelo aqu\u00ed.\" \/>\n<meta property=\"og:url\" content=\"https:\/\/www.gelatiamo.eu\/es\/nuestro-club\/\" \/>\n<meta property=\"og:site_name\" content=\"Gelatiamo\" \/>\n<meta property=\"article:publisher\" content=\"https:\/\/www.facebook.com\/GelatsGelatiamo\" \/>\n<meta property=\"article:modified_time\" content=\"2025-08-29T07:25:38+00:00\" \/>\n<meta property=\"og:image\" content=\"https:\/\/www.gelatiamo.eu\/wp-content\/uploads\/GELATIAMO-CLUB.png\" \/>\n\t<meta property=\"og:image:width\" content=\"750\" \/>\n\t<meta property=\"og:image:height\" content=\"750\" \/>\n\t<meta property=\"og:image:type\" content=\"image\/png\" \/>\n<meta name=\"twitter:card\" content=\"summary_large_image\" \/>\n<meta name=\"twitter:label1\" content=\"Tiempo de lectura\" \/>\n\t<meta name=\"twitter:data1\" content=\"2 minutos\" \/>\n<script type=\"application\/ld+json\" class=\"yoast-schema-graph\">{\"@context\":\"https:\/\/schema.org\",\"@graph\":[{\"@type\":\"WebPage\",\"@id\":\"https:\/\/www.gelatiamo.eu\/es\/nuestro-club\/\",\"url\":\"https:\/\/www.gelatiamo.eu\/es\/nuestro-club\/\",\"name\":\"Societ\u00e0 del gusto: Nuestro Club - Gelatiamo\",\"isPartOf\":{\"@id\":\"https:\/\/www.gelatiamo.eu\/es\/#website\"},\"primaryImageOfPage\":{\"@id\":\"https:\/\/www.gelatiamo.eu\/es\/nuestro-club\/#primaryimage\"},\"image\":{\"@id\":\"https:\/\/www.gelatiamo.eu\/es\/nuestro-club\/#primaryimage\"},\"thumbnailUrl\":\"https:\/\/www.gelatiamo.eu\/wp-content\/uploads\/GELATIAMO-CLUB.png\",\"datePublished\":\"2024-04-11T22:56:40+00:00\",\"dateModified\":\"2025-08-29T07:25:38+00:00\",\"description\":\"Ser de la Societ\u00e0 del gustotiene ventajas.Acumula puntos por cada compra y gana un mont\u00f3n de premios. Desc\u00fabrelo aqu\u00ed.\",\"breadcrumb\":{\"@id\":\"https:\/\/www.gelatiamo.eu\/es\/nuestro-club\/#breadcrumb\"},\"inLanguage\":\"es\",\"potentialAction\":[{\"@type\":\"ReadAction\",\"target\":[\"https:\/\/www.gelatiamo.eu\/es\/nuestro-club\/\"]}]},{\"@type\":\"ImageObject\",\"inLanguage\":\"es\",\"@id\":\"https:\/\/www.gelatiamo.eu\/es\/nuestro-club\/#primaryimage\",\"url\":\"https:\/\/www.gelatiamo.eu\/wp-content\/uploads\/GELATIAMO-CLUB.png\",\"contentUrl\":\"https:\/\/www.gelatiamo.eu\/wp-content\/uploads\/GELATIAMO-CLUB.png\"},{\"@type\":\"BreadcrumbList\",\"@id\":\"https:\/\/www.gelatiamo.eu\/es\/nuestro-club\/#breadcrumb\",\"itemListElement\":[{\"@type\":\"ListItem\",\"position\":1,\"name\":\"Portada\",\"item\":\"https:\/\/www.gelatiamo.eu\/es\/\"},{\"@type\":\"ListItem\",\"position\":2,\"name\":\"Nuestro Club\"}]},{\"@type\":\"WebSite\",\"@id\":\"https:\/\/www.gelatiamo.eu\/es\/#website\",\"url\":\"https:\/\/www.gelatiamo.eu\/es\/\",\"name\":\"Gelatiamo\",\"description\":\"Disfruta del Arte de Saborear la Vida.\",\"publisher\":{\"@id\":\"https:\/\/www.gelatiamo.eu\/es\/#organization\"},\"potentialAction\":[{\"@type\":\"SearchAction\",\"target\":{\"@type\":\"EntryPoint\",\"urlTemplate\":\"https:\/\/www.gelatiamo.eu\/es\/?s={search_term_string}\"},\"query-input\":{\"@type\":\"PropertyValueSpecification\",\"valueRequired\":true,\"valueName\":\"search_term_string\"}}],\"inLanguage\":\"es\"},{\"@type\":\"Organization\",\"@id\":\"https:\/\/www.gelatiamo.eu\/es\/#organization\",\"name\":\"Gelatiamo\",\"url\":\"https:\/\/www.gelatiamo.eu\/es\/\",\"logo\":{\"@type\":\"ImageObject\",\"inLanguage\":\"es\",\"@id\":\"https:\/\/www.gelatiamo.eu\/es\/#\/schema\/logo\/image\/\",\"url\":\"https:\/\/www.gelatiamo.eu\/wp-content\/uploads\/2024\/04\/FAVICONGELATIAMO.svg\",\"contentUrl\":\"https:\/\/www.gelatiamo.eu\/wp-content\/uploads\/2024\/04\/FAVICONGELATIAMO.svg\",\"width\":18,\"height\":32,\"caption\":\"Gelatiamo\"},\"image\":{\"@id\":\"https:\/\/www.gelatiamo.eu\/es\/#\/schema\/logo\/image\/\"},\"sameAs\":[\"https:\/\/www.facebook.com\/GelatsGelatiamo\",\"https:\/\/www.instagram.com\/gelatiamo_world\/\"]}]}<\/script>\n<!-- \/ Yoast SEO plugin. -->","yoast_head_json":{"title":"Societ\u00e0 del gusto: Nuestro Club - Gelatiamo","description":"Ser de la Societ\u00e0 del gustotiene ventajas.Acumula puntos por cada compra y gana un mont\u00f3n de premios. Desc\u00fabrelo aqu\u00ed.","robots":{"index":"index","follow":"follow","max-snippet":"max-snippet:-1","max-image-preview":"max-image-preview:large","max-video-preview":"max-video-preview:-1"},"canonical":"https:\/\/www.gelatiamo.eu\/es\/nuestro-club\/","og_locale":"es_ES","og_type":"article","og_title":"Societ\u00e0 del gusto: Nuestro Club - Gelatiamo","og_description":"Ser de la Societ\u00e0 del gustotiene ventajas.Acumula puntos por cada compra y gana un mont\u00f3n de premios. Desc\u00fabrelo aqu\u00ed.","og_url":"https:\/\/www.gelatiamo.eu\/es\/nuestro-club\/","og_site_name":"Gelatiamo","article_publisher":"https:\/\/www.facebook.com\/GelatsGelatiamo","article_modified_time":"2025-08-29T07:25:38+00:00","og_image":[{"width":750,"height":750,"url":"https:\/\/www.gelatiamo.eu\/wp-content\/uploads\/GELATIAMO-CLUB.png","type":"image\/png"}],"twitter_card":"summary_large_image","twitter_misc":{"Tiempo de lectura":"2 minutos"},"schema":{"@context":"https:\/\/schema.org","@graph":[{"@type":"WebPage","@id":"https:\/\/www.gelatiamo.eu\/es\/nuestro-club\/","url":"https:\/\/www.gelatiamo.eu\/es\/nuestro-club\/","name":"Societ\u00e0 del gusto: Nuestro Club - Gelatiamo","isPartOf":{"@id":"https:\/\/www.gelatiamo.eu\/es\/#website"},"primaryImageOfPage":{"@id":"https:\/\/www.gelatiamo.eu\/es\/nuestro-club\/#primaryimage"},"image":{"@id":"https:\/\/www.gelatiamo.eu\/es\/nuestro-club\/#primaryimage"},"thumbnailUrl":"https:\/\/www.gelatiamo.eu\/wp-content\/uploads\/GELATIAMO-CLUB.png","datePublished":"2024-04-11T22:56:40+00:00","dateModified":"2025-08-29T07:25:38+00:00","description":"Ser de la Societ\u00e0 del gustotiene ventajas.Acumula puntos por cada compra y gana un mont\u00f3n de premios. Desc\u00fabrelo aqu\u00ed.","breadcrumb":{"@id":"https:\/\/www.gelatiamo.eu\/es\/nuestro-club\/#breadcrumb"},"inLanguage":"es","potentialAction":[{"@type":"ReadAction","target":["https:\/\/www.gelatiamo.eu\/es\/nuestro-club\/"]}]},{"@type":"ImageObject","inLanguage":"es","@id":"https:\/\/www.gelatiamo.eu\/es\/nuestro-club\/#primaryimage","url":"https:\/\/www.gelatiamo.eu\/wp-content\/uploads\/GELATIAMO-CLUB.png","contentUrl":"https:\/\/www.gelatiamo.eu\/wp-content\/uploads\/GELATIAMO-CLUB.png"},{"@type":"BreadcrumbList","@id":"https:\/\/www.gelatiamo.eu\/es\/nuestro-club\/#breadcrumb","itemListElement":[{"@type":"ListItem","position":1,"name":"Portada","item":"https:\/\/www.gelatiamo.eu\/es\/"},{"@type":"ListItem","position":2,"name":"Nuestro Club"}]},{"@type":"WebSite","@id":"https:\/\/www.gelatiamo.eu\/es\/#website","url":"https:\/\/www.gelatiamo.eu\/es\/","name":"Gelatiamo","description":"Disfruta del Arte de Saborear la Vida.","publisher":{"@id":"https:\/\/www.gelatiamo.eu\/es\/#organization"},"potentialAction":[{"@type":"SearchAction","target":{"@type":"EntryPoint","urlTemplate":"https:\/\/www.gelatiamo.eu\/es\/?s={search_term_string}"},"query-input":{"@type":"PropertyValueSpecification","valueRequired":true,"valueName":"search_term_string"}}],"inLanguage":"es"},{"@type":"Organization","@id":"https:\/\/www.gelatiamo.eu\/es\/#organization","name":"Gelatiamo","url":"https:\/\/www.gelatiamo.eu\/es\/","logo":{"@type":"ImageObject","inLanguage":"es","@id":"https:\/\/www.gelatiamo.eu\/es\/#\/schema\/logo\/image\/","url":"https:\/\/www.gelatiamo.eu\/wp-content\/uploads\/2024\/04\/FAVICONGELATIAMO.svg","contentUrl":"https:\/\/www.gelatiamo.eu\/wp-content\/uploads\/2024\/04\/FAVICONGELATIAMO.svg","width":18,"height":32,"caption":"Gelatiamo"},"image":{"@id":"https:\/\/www.gelatiamo.eu\/es\/#\/schema\/logo\/image\/"},"sameAs":["https:\/\/www.facebook.com\/GelatsGelatiamo","https:\/\/www.instagram.com\/gelatiamo_world\/"]}]}},"_links":{"self":[{"href":"https:\/\/www.gelatiamo.eu\/es\/wp-json\/wp\/v2\/pages\/20","targetHints":{"allow":["GET"]}}],"collection":[{"href":"https:\/\/www.gelatiamo.eu\/es\/wp-json\/wp\/v2\/pages"}],"about":[{"href":"https:\/\/www.gelatiamo.eu\/es\/wp-json\/wp\/v2\/types\/page"}],"author":[{"embeddable":true,"href":"https:\/\/www.gelatiamo.eu\/es\/wp-json\/wp\/v2\/users\/1"}],"replies":[{"embeddable":true,"href":"https:\/\/www.gelatiamo.eu\/es\/wp-json\/wp\/v2\/comments?post=20"}],"version-history":[{"count":46,"href":"https:\/\/www.gelatiamo.eu\/es\/wp-json\/wp\/v2\/pages\/20\/revisions"}],"predecessor-version":[{"id":2029,"href":"https:\/\/www.gelatiamo.eu\/es\/wp-json\/wp\/v2\/pages\/20\/revisions\/2029"}],"wp:attachment":[{"href":"https:\/\/www.gelatiamo.eu\/es\/wp-json\/wp\/v2\/media?parent=20"}],"curies":[{"name":"wp","href":"https:\/\/api.w.org\/{rel}","templated":true}]}}