{"id":16,"date":"2024-04-12T00:55:47","date_gmt":"2024-04-11T22:55:47","guid":{"rendered":"https:\/\/gelatiamo.calabria.dev\/?page_id=16"},"modified":"2026-01-07T11:22:19","modified_gmt":"2026-01-07T10:22:19","slug":"nosotros","status":"publish","type":"page","link":"https:\/\/www.gelatiamo.eu\/es\/nosotros\/","title":{"rendered":"Nosotros"},"content":{"rendered":"\t\t<div data-elementor-type=\"wp-page\" data-elementor-id=\"16\" class=\"elementor elementor-16\" data-elementor-post-type=\"page\">\n\t\t\t\t<div class=\"elementor-element elementor-element-23df96f e-con-full e-flex e-con e-parent\" data-id=\"23df96f\" data-element_type=\"container\" data-settings=\"{&quot;background_background&quot;:&quot;classic&quot;}\">\n\t\t<div class=\"elementor-element elementor-element-81caff7 e-con-full e-flex e-con e-child\" data-id=\"81caff7\" data-element_type=\"container\">\n\t\t\t\t<div class=\"elementor-element elementor-element-e25dc8e elementor-widget elementor-widget-heading\" data-id=\"e25dc8e\" data-element_type=\"widget\" data-settings=\"{&quot;_animation_tablet&quot;:&quot;fadeIn&quot;}\" data-widget_type=\"heading.default\">\n\t\t\t\t<div class=\"elementor-widget-container\">\n\t\t\t\t\t<h1 class=\"elementor-heading-title elementor-size-default\">Gelatiamo, tu helader\u00eda italiana favorita<\/h1>\t\t\t\t<\/div>\n\t\t\t\t<\/div>\n\t\t\t\t<div class=\"elementor-element elementor-element-2b1f81b elementor-widget elementor-widget-text-editor\" data-id=\"2b1f81b\" data-element_type=\"widget\" data-settings=\"{&quot;_animation_tablet&quot;:&quot;fadeIn&quot;}\" data-widget_type=\"text-editor.default\">\n\t\t\t\t<div class=\"elementor-widget-container\">\n\t\t\t\t\t\t\t\t\t<p class=\"text-justify\"><span class=\"theme-color\">GELATIAMO<\/span> nace con la misi\u00f3n de llevar a cualquier lugar del mundo el mejor <span class=\"theme-color\">HELADO ITALIANO TRADICIONAL<\/span>. Desde 2006, cuando abrimos nuestra primera tienda, hemos conseguido desarrollar un m\u00e9todo de trabajo propio y original que nos permite producto el mejor helado italiano en cualquier lugar del mundo, sin necesidad de conocimientos t\u00e9cnicos.<\/p><p class=\"text-justify\">Por esto podr\u00e1s encontramos en \u00a0<strong>Espa\u00f1a, Chile, Costa Rica, Panam\u00e1, Guatemala, Bolivia, Per\u00fa y El Salvador.<\/strong><\/p><p class=\"text-justify\">Y no s\u00f3lo encontrar\u00e1s helado en GELATIAMO sino una propuesta completa de cafeter\u00eda 24\/7; que incluye caf\u00e9s, crepes, gofres, smoothies, frappes, snack italiano, para que nuestros clientes a cualquier hora del d\u00eda disfruten de momentos diferentes. A cualquier hora, en cualquier momento, puedes disfrutar de todo lo que ofrece GELATIAMO<\/p>\t\t\t\t\t\t\t\t<\/div>\n\t\t\t\t<\/div>\n\t\t\t\t<div class=\"elementor-element elementor-element-a8239f8 elementor-align-center e-transform elementor-widget elementor-widget-button\" data-id=\"a8239f8\" data-element_type=\"widget\" data-settings=\"{&quot;_animation_tablet&quot;:&quot;fadeIn&quot;,&quot;_transform_scale_effect_hover&quot;:{&quot;unit&quot;:&quot;px&quot;,&quot;size&quot;:1.1,&quot;sizes&quot;:[]},&quot;_transform_scale_effect_hover_tablet&quot;:{&quot;unit&quot;:&quot;px&quot;,&quot;size&quot;:&quot;&quot;,&quot;sizes&quot;:[]},&quot;_transform_scale_effect_hover_mobile&quot;:{&quot;unit&quot;:&quot;px&quot;,&quot;size&quot;:&quot;&quot;,&quot;sizes&quot;:[]}}\" data-widget_type=\"button.default\">\n\t\t\t\t<div class=\"elementor-widget-container\">\n\t\t\t\t\t\t\t\t\t<div class=\"elementor-button-wrapper\">\n\t\t\t\t\t<a class=\"elementor-button elementor-button-link elementor-size-sm\" href=\"#\">\n\t\t\t\t\t\t<span class=\"elementor-button-content-wrapper\">\n\t\t\t\t\t\t\t\t\t<span class=\"elementor-button-text\">Descubre nuestras Stores<\/span>\n\t\t\t\t\t<\/span>\n\t\t\t\t\t<\/a>\n\t\t\t\t<\/div>\n\t\t\t\t\t\t\t\t<\/div>\n\t\t\t\t<\/div>\n\t\t\t\t<\/div>\n\t\t\t\t<div class=\"elementor-element elementor-element-43b7597 elementor-widget__width-initial elementor-widget elementor-widget-image\" data-id=\"43b7597\" data-element_type=\"widget\" data-settings=\"{&quot;motion_fx_motion_fx_scrolling&quot;:&quot;yes&quot;,&quot;motion_fx_rotateZ_effect&quot;:&quot;yes&quot;,&quot;motion_fx_rotateZ_speed&quot;:{&quot;unit&quot;:&quot;px&quot;,&quot;size&quot;:0.2,&quot;sizes&quot;:[]},&quot;motion_fx_rotateZ_affectedRange&quot;:{&quot;unit&quot;:&quot;%&quot;,&quot;size&quot;:&quot;&quot;,&quot;sizes&quot;:{&quot;start&quot;:0,&quot;end&quot;:100}},&quot;motion_fx_devices&quot;:[&quot;desktop&quot;,&quot;tablet&quot;,&quot;mobile&quot;]}\" data-widget_type=\"image.default\">\n\t\t\t\t<div class=\"elementor-widget-container\">\n\t\t\t\t\t\t\t\t\t\t\t\t\t\t\t<img fetchpriority=\"high\" decoding=\"async\" width=\"800\" height=\"800\" src=\"https:\/\/www.gelatiamo.eu\/wp-content\/uploads\/Sobre-nosotros.png\" class=\"attachment-large size-large wp-image-461\" alt=\"Sobre nosotros\" srcset=\"https:\/\/www.gelatiamo.eu\/wp-content\/uploads\/Sobre-nosotros.png 800w, https:\/\/www.gelatiamo.eu\/wp-content\/uploads\/Sobre-nosotros-300x300.png 300w, https:\/\/www.gelatiamo.eu\/wp-content\/uploads\/Sobre-nosotros-150x150.png 150w, https:\/\/www.gelatiamo.eu\/wp-content\/uploads\/Sobre-nosotros-768x768.png 768w\" sizes=\"(max-width: 800px) 100vw, 800px\" \/>\t\t\t\t\t\t\t\t\t\t\t\t\t\t\t<\/div>\n\t\t\t\t<\/div>\n\t\t\t\t<\/div>\n\t\t\t\t<\/div>\n\t\t","protected":false},"excerpt":{"rendered":"<p>Gelatiamo, tu helader\u00eda italiana favorita GELATIAMO nace con la misi\u00f3n de llevar a cualquier lugar del mundo el mejor HELADO ITALIANO TRADICIONAL. Desde 2006, cuando abrimos nuestra primera tienda, hemos conseguido desarrollar un m\u00e9todo de trabajo propio y original que nos permite producto el mejor helado italiano en cualquier lugar del mundo, sin necesidad de [&hellip;]<\/p>\n","protected":false},"author":1,"featured_media":0,"parent":0,"menu_order":0,"comment_status":"closed","ping_status":"closed","template":"","meta":{"footnotes":""},"class_list":["post-16","page","type-page","status-publish","hentry"],"yoast_head":"<!-- This site is optimized with the Yoast SEO plugin v26.8 - https:\/\/yoast.com\/product\/yoast-seo-wordpress\/ -->\n<title>Nosotros - Gelatiamo<\/title>\n<meta name=\"robots\" content=\"index, follow, max-snippet:-1, max-image-preview:large, max-video-preview:-1\" \/>\n<link rel=\"canonical\" href=\"https:\/\/www.gelatiamo.eu\/es\/nosotros\/\" \/>\n<meta property=\"og:locale\" content=\"es_ES\" \/>\n<meta property=\"og:type\" content=\"article\" \/>\n<meta property=\"og:title\" content=\"Nosotros - Gelatiamo\" \/>\n<meta property=\"og:description\" content=\"Gelatiamo, tu helader\u00eda italiana favorita GELATIAMO nace con la misi\u00f3n de llevar a cualquier lugar del mundo el mejor HELADO ITALIANO TRADICIONAL. Desde 2006, cuando abrimos nuestra primera tienda, hemos conseguido desarrollar un m\u00e9todo de trabajo propio y original que nos permite producto el mejor helado italiano en cualquier lugar del mundo, sin necesidad de [&hellip;]\" \/>\n<meta property=\"og:url\" content=\"https:\/\/www.gelatiamo.eu\/es\/nosotros\/\" \/>\n<meta property=\"og:site_name\" content=\"Gelatiamo\" \/>\n<meta property=\"article:publisher\" content=\"https:\/\/www.facebook.com\/GelatsGelatiamo\" \/>\n<meta property=\"article:modified_time\" content=\"2026-01-07T10:22:19+00:00\" \/>\n<meta property=\"og:image\" content=\"https:\/\/www.gelatiamo.eu\/wp-content\/uploads\/Sobre-nosotros.png\" \/>\n\t<meta property=\"og:image:width\" content=\"800\" \/>\n\t<meta property=\"og:image:height\" content=\"800\" \/>\n\t<meta property=\"og:image:type\" content=\"image\/png\" \/>\n<meta name=\"twitter:card\" content=\"summary_large_image\" \/>\n<meta name=\"twitter:label1\" content=\"Tiempo de lectura\" \/>\n\t<meta name=\"twitter:data1\" content=\"1 minuto\" \/>\n<script type=\"application\/ld+json\" class=\"yoast-schema-graph\">{\"@context\":\"https:\/\/schema.org\",\"@graph\":[{\"@type\":\"WebPage\",\"@id\":\"https:\/\/www.gelatiamo.eu\/es\/nosotros\/\",\"url\":\"https:\/\/www.gelatiamo.eu\/es\/nosotros\/\",\"name\":\"Nosotros - Gelatiamo\",\"isPartOf\":{\"@id\":\"https:\/\/www.gelatiamo.eu\/es\/#website\"},\"primaryImageOfPage\":{\"@id\":\"https:\/\/www.gelatiamo.eu\/es\/nosotros\/#primaryimage\"},\"image\":{\"@id\":\"https:\/\/www.gelatiamo.eu\/es\/nosotros\/#primaryimage\"},\"thumbnailUrl\":\"https:\/\/www.gelatiamo.eu\/wp-content\/uploads\/Sobre-nosotros.png\",\"datePublished\":\"2024-04-11T22:55:47+00:00\",\"dateModified\":\"2026-01-07T10:22:19+00:00\",\"breadcrumb\":{\"@id\":\"https:\/\/www.gelatiamo.eu\/es\/nosotros\/#breadcrumb\"},\"inLanguage\":\"es\",\"potentialAction\":[{\"@type\":\"ReadAction\",\"target\":[\"https:\/\/www.gelatiamo.eu\/es\/nosotros\/\"]}]},{\"@type\":\"ImageObject\",\"inLanguage\":\"es\",\"@id\":\"https:\/\/www.gelatiamo.eu\/es\/nosotros\/#primaryimage\",\"url\":\"https:\/\/www.gelatiamo.eu\/wp-content\/uploads\/Sobre-nosotros.png\",\"contentUrl\":\"https:\/\/www.gelatiamo.eu\/wp-content\/uploads\/Sobre-nosotros.png\"},{\"@type\":\"BreadcrumbList\",\"@id\":\"https:\/\/www.gelatiamo.eu\/es\/nosotros\/#breadcrumb\",\"itemListElement\":[{\"@type\":\"ListItem\",\"position\":1,\"name\":\"Portada\",\"item\":\"https:\/\/www.gelatiamo.eu\/es\/\"},{\"@type\":\"ListItem\",\"position\":2,\"name\":\"Nosotros\"}]},{\"@type\":\"WebSite\",\"@id\":\"https:\/\/www.gelatiamo.eu\/es\/#website\",\"url\":\"https:\/\/www.gelatiamo.eu\/es\/\",\"name\":\"Gelatiamo\",\"description\":\"Disfruta del Arte de Saborear la Vida.\",\"publisher\":{\"@id\":\"https:\/\/www.gelatiamo.eu\/es\/#organization\"},\"potentialAction\":[{\"@type\":\"SearchAction\",\"target\":{\"@type\":\"EntryPoint\",\"urlTemplate\":\"https:\/\/www.gelatiamo.eu\/es\/?s={search_term_string}\"},\"query-input\":{\"@type\":\"PropertyValueSpecification\",\"valueRequired\":true,\"valueName\":\"search_term_string\"}}],\"inLanguage\":\"es\"},{\"@type\":\"Organization\",\"@id\":\"https:\/\/www.gelatiamo.eu\/es\/#organization\",\"name\":\"Gelatiamo\",\"url\":\"https:\/\/www.gelatiamo.eu\/es\/\",\"logo\":{\"@type\":\"ImageObject\",\"inLanguage\":\"es\",\"@id\":\"https:\/\/www.gelatiamo.eu\/es\/#\/schema\/logo\/image\/\",\"url\":\"https:\/\/www.gelatiamo.eu\/wp-content\/uploads\/2024\/04\/FAVICONGELATIAMO.svg\",\"contentUrl\":\"https:\/\/www.gelatiamo.eu\/wp-content\/uploads\/2024\/04\/FAVICONGELATIAMO.svg\",\"width\":18,\"height\":32,\"caption\":\"Gelatiamo\"},\"image\":{\"@id\":\"https:\/\/www.gelatiamo.eu\/es\/#\/schema\/logo\/image\/\"},\"sameAs\":[\"https:\/\/www.facebook.com\/GelatsGelatiamo\",\"https:\/\/www.instagram.com\/gelatiamo_world\/\"]}]}<\/script>\n<!-- \/ Yoast SEO plugin. -->","yoast_head_json":{"title":"Nosotros - Gelatiamo","robots":{"index":"index","follow":"follow","max-snippet":"max-snippet:-1","max-image-preview":"max-image-preview:large","max-video-preview":"max-video-preview:-1"},"canonical":"https:\/\/www.gelatiamo.eu\/es\/nosotros\/","og_locale":"es_ES","og_type":"article","og_title":"Nosotros - Gelatiamo","og_description":"Gelatiamo, tu helader\u00eda italiana favorita GELATIAMO nace con la misi\u00f3n de llevar a cualquier lugar del mundo el mejor HELADO ITALIANO TRADICIONAL. Desde 2006, cuando abrimos nuestra primera tienda, hemos conseguido desarrollar un m\u00e9todo de trabajo propio y original que nos permite producto el mejor helado italiano en cualquier lugar del mundo, sin necesidad de [&hellip;]","og_url":"https:\/\/www.gelatiamo.eu\/es\/nosotros\/","og_site_name":"Gelatiamo","article_publisher":"https:\/\/www.facebook.com\/GelatsGelatiamo","article_modified_time":"2026-01-07T10:22:19+00:00","og_image":[{"width":800,"height":800,"url":"https:\/\/www.gelatiamo.eu\/wp-content\/uploads\/Sobre-nosotros.png","type":"image\/png"}],"twitter_card":"summary_large_image","twitter_misc":{"Tiempo de lectura":"1 minuto"},"schema":{"@context":"https:\/\/schema.org","@graph":[{"@type":"WebPage","@id":"https:\/\/www.gelatiamo.eu\/es\/nosotros\/","url":"https:\/\/www.gelatiamo.eu\/es\/nosotros\/","name":"Nosotros - Gelatiamo","isPartOf":{"@id":"https:\/\/www.gelatiamo.eu\/es\/#website"},"primaryImageOfPage":{"@id":"https:\/\/www.gelatiamo.eu\/es\/nosotros\/#primaryimage"},"image":{"@id":"https:\/\/www.gelatiamo.eu\/es\/nosotros\/#primaryimage"},"thumbnailUrl":"https:\/\/www.gelatiamo.eu\/wp-content\/uploads\/Sobre-nosotros.png","datePublished":"2024-04-11T22:55:47+00:00","dateModified":"2026-01-07T10:22:19+00:00","breadcrumb":{"@id":"https:\/\/www.gelatiamo.eu\/es\/nosotros\/#breadcrumb"},"inLanguage":"es","potentialAction":[{"@type":"ReadAction","target":["https:\/\/www.gelatiamo.eu\/es\/nosotros\/"]}]},{"@type":"ImageObject","inLanguage":"es","@id":"https:\/\/www.gelatiamo.eu\/es\/nosotros\/#primaryimage","url":"https:\/\/www.gelatiamo.eu\/wp-content\/uploads\/Sobre-nosotros.png","contentUrl":"https:\/\/www.gelatiamo.eu\/wp-content\/uploads\/Sobre-nosotros.png"},{"@type":"BreadcrumbList","@id":"https:\/\/www.gelatiamo.eu\/es\/nosotros\/#breadcrumb","itemListElement":[{"@type":"ListItem","position":1,"name":"Portada","item":"https:\/\/www.gelatiamo.eu\/es\/"},{"@type":"ListItem","position":2,"name":"Nosotros"}]},{"@type":"WebSite","@id":"https:\/\/www.gelatiamo.eu\/es\/#website","url":"https:\/\/www.gelatiamo.eu\/es\/","name":"Gelatiamo","description":"Disfruta del Arte de Saborear la Vida.","publisher":{"@id":"https:\/\/www.gelatiamo.eu\/es\/#organization"},"potentialAction":[{"@type":"SearchAction","target":{"@type":"EntryPoint","urlTemplate":"https:\/\/www.gelatiamo.eu\/es\/?s={search_term_string}"},"query-input":{"@type":"PropertyValueSpecification","valueRequired":true,"valueName":"search_term_string"}}],"inLanguage":"es"},{"@type":"Organization","@id":"https:\/\/www.gelatiamo.eu\/es\/#organization","name":"Gelatiamo","url":"https:\/\/www.gelatiamo.eu\/es\/","logo":{"@type":"ImageObject","inLanguage":"es","@id":"https:\/\/www.gelatiamo.eu\/es\/#\/schema\/logo\/image\/","url":"https:\/\/www.gelatiamo.eu\/wp-content\/uploads\/2024\/04\/FAVICONGELATIAMO.svg","contentUrl":"https:\/\/www.gelatiamo.eu\/wp-content\/uploads\/2024\/04\/FAVICONGELATIAMO.svg","width":18,"height":32,"caption":"Gelatiamo"},"image":{"@id":"https:\/\/www.gelatiamo.eu\/es\/#\/schema\/logo\/image\/"},"sameAs":["https:\/\/www.facebook.com\/GelatsGelatiamo","https:\/\/www.instagram.com\/gelatiamo_world\/"]}]}},"_links":{"self":[{"href":"https:\/\/www.gelatiamo.eu\/es\/wp-json\/wp\/v2\/pages\/16","targetHints":{"allow":["GET"]}}],"collection":[{"href":"https:\/\/www.gelatiamo.eu\/es\/wp-json\/wp\/v2\/pages"}],"about":[{"href":"https:\/\/www.gelatiamo.eu\/es\/wp-json\/wp\/v2\/types\/page"}],"author":[{"embeddable":true,"href":"https:\/\/www.gelatiamo.eu\/es\/wp-json\/wp\/v2\/users\/1"}],"replies":[{"embeddable":true,"href":"https:\/\/www.gelatiamo.eu\/es\/wp-json\/wp\/v2\/comments?post=16"}],"version-history":[{"count":23,"href":"https:\/\/www.gelatiamo.eu\/es\/wp-json\/wp\/v2\/pages\/16\/revisions"}],"predecessor-version":[{"id":2257,"href":"https:\/\/www.gelatiamo.eu\/es\/wp-json\/wp\/v2\/pages\/16\/revisions\/2257"}],"wp:attachment":[{"href":"https:\/\/www.gelatiamo.eu\/es\/wp-json\/wp\/v2\/media?parent=16"}],"curies":[{"name":"wp","href":"https:\/\/api.w.org\/{rel}","templated":true}]}}